{"id":2312,"date":"2025-10-03T00:38:53","date_gmt":"2025-10-02T22:38:53","guid":{"rendered":"https:\/\/chuchos-chic.com\/product\/chatiere-vicky-deluxe-hygiene-elegante-pour-votre-chat\/"},"modified":"2025-07-31T06:38:53","modified_gmt":"2025-07-31T04:38:53","slug":"chatiere-vicky-deluxe-hygiene-elegante-pour-votre-chat","status":"publish","type":"product","link":"https:\/\/chuchos-chic.com\/fr\/produit\/chatiere-vicky-deluxe-hygiene-elegante-pour-votre-chat\/","title":{"rendered":"Chati\u00e8re VICKY Deluxe \u2013 Hygi\u00e8ne \u00e9l\u00e9gante pour votre chat"},"content":{"rendered":"<p>Offrez \u00e0 votre chat l&rsquo;intimit\u00e9 et le confort qu&rsquo;il m\u00e9rite avec la <strong>chati\u00e8re VICKY Deluxe<\/strong>. Sa conception en deux parties permet un nettoyage rapide et sans tracas, tandis que le <strong>filtre \u00e0 charbon actif<\/strong> neutralise les odeurs d\u00e9sagr\u00e9ables, gardant votre maison fra\u00eeche et propre. La <strong>porte battante<\/strong> permet un acc\u00e8s facile \u00e0 votre compagnon \u00e0 quatre pattes et garantit l&rsquo;intimit\u00e9.  <\/p>\n<p><strong>Dimensions:<\/strong><\/p>\n<ul>\n<li>Hauteur : 54 cm<\/li>\n<li>Largeur : 39 cm<\/li>\n<li>Longueur : 39 cm<\/li>\n<\/ul>\n<p>Comprend :<\/p>\n<ul>\n<li>Pelle sanitaire<\/li>\n<li>Porte battante<\/li>\n<li>Filtre \u00e0 charbon rempla\u00e7able<\/li>\n<\/ul>\n<p>Id\u00e9al pour les chats exigeants et les humains qui appr\u00e9cient \u00e0 la fois le design et la fonctionnalit\u00e9<\/p>\n","protected":false},"excerpt":{"rendered":"<p>Chati\u00e8re en plastique avec porte \u00e0 charni\u00e8re, filtre \u00e0 charbon anti-odeur et pelle incluse. Conception pratique, facile \u00e0 nettoyer. <\/p>\n","protected":false},"featured_media":2310,"comment_status":"open","ping_status":"closed","template":"","meta":[],"product_brand":[581],"product_cat":[74,112,800,177,563,495],"product_tag":[838,837,822],"class_list":{"0":"post-2312","1":"product","2":"type-product","3":"status-publish","4":"has-post-thumbnail","6":"product_brand-ica-sa-fr","7":"product_cat-toutes-les-categories","8":"product_cat-chats","9":"product_cat-chatieres-et-abris","10":"product_cat-articles-de-soins-pour-petits-animaux","11":"product_cat-confort-repos","12":"product_cat-voyages-et-transports","13":"product_tag-accessoire-pour-la-maison-pour-chat","14":"product_tag-filtre-a-charbon-pour-chatiere","15":"product_tag-hygiene-feline-pratique","17":"first","18":"instock","19":"taxable","20":"shipping-taxable","21":"purchasable","22":"product-type-simple"},"yoast_head":"<!-- This site is optimized with the Yoast SEO plugin v26.7 - https:\/\/yoast.com\/wordpress\/plugins\/seo\/ -->\n<title>Chati\u00e8re VICKY Deluxe \u2013 Hygi\u00e8ne \u00e9l\u00e9gante pour votre chat - Pets Grooming - Peluquer\u00eda Canina - Chuchos-Chic<\/title>\n<meta name=\"description\" content=\"D\u00e9couvrez la Chati\u00e8re Deluxe VICKY : pratique, hygi\u00e9nique et dot\u00e9e d&#039;un filtre \u00e0 charbon pour \u00e9liminer les odeurs. Disponible en diff\u00e9rentes couleurs et facile \u00e0 nettoyer. Id\u00e9al pour les chats exigeants !\" \/>\n<meta name=\"robots\" content=\"index, follow, max-snippet:-1, max-image-preview:large, max-video-preview:-1\" \/>\n<link rel=\"canonical\" href=\"https:\/\/chuchos-chic.com\/fr\/produit\/chatiere-vicky-deluxe-hygiene-elegante-pour-votre-chat\/\" \/>\n<meta property=\"og:locale\" content=\"fr_FR\" \/>\n<meta property=\"og:type\" content=\"article\" \/>\n<meta property=\"og:title\" content=\"Chati\u00e8re VICKY Deluxe \u2013 Hygi\u00e8ne \u00e9l\u00e9gante pour votre chat - Pets Grooming - Peluquer\u00eda Canina - Chuchos-Chic\" \/>\n<meta property=\"og:description\" content=\"D\u00e9couvrez la Chati\u00e8re Deluxe VICKY : pratique, hygi\u00e9nique et dot\u00e9e d&#039;un filtre \u00e0 charbon pour \u00e9liminer les odeurs. Disponible en diff\u00e9rentes couleurs et facile \u00e0 nettoyer. Id\u00e9al pour les chats exigeants !\" \/>\n<meta property=\"og:url\" content=\"https:\/\/chuchos-chic.com\/fr\/produit\/chatiere-vicky-deluxe-hygiene-elegante-pour-votre-chat\/\" \/>\n<meta property=\"og:site_name\" content=\"Pets Grooming - Peluquer\u00eda Canina - Chuchos-Chic\" \/>\n<meta property=\"article:publisher\" content=\"https:\/\/www.facebook.com\/ChuchosChic\" \/>\n<meta property=\"og:image\" content=\"https:\/\/chuchos-chic.com\/wp-content\/uploads\/2025\/07\/gp582s-gatera-plastica-vicky-39-cm_general_92231.jpg\" \/>\n\t<meta property=\"og:image:width\" content=\"1999\" \/>\n\t<meta property=\"og:image:height\" content=\"1999\" \/>\n\t<meta property=\"og:image:type\" content=\"image\/jpeg\" \/>\n<meta name=\"twitter:card\" content=\"summary_large_image\" \/>\n<script type=\"application\/ld+json\" class=\"yoast-schema-graph\">{\"@context\":\"https:\/\/schema.org\",\"@graph\":[{\"@type\":\"WebPage\",\"@id\":\"https:\/\/chuchos-chic.com\/fr\/produit\/chatiere-vicky-deluxe-hygiene-elegante-pour-votre-chat\/\",\"url\":\"https:\/\/chuchos-chic.com\/fr\/produit\/chatiere-vicky-deluxe-hygiene-elegante-pour-votre-chat\/\",\"name\":\"Chati\u00e8re VICKY Deluxe \u2013 Hygi\u00e8ne \u00e9l\u00e9gante pour votre chat - Pets Grooming - Peluquer\u00eda Canina - Chuchos-Chic\",\"isPartOf\":{\"@id\":\"https:\/\/chuchos-chic.com\/fr\/#website\"},\"primaryImageOfPage\":{\"@id\":\"https:\/\/chuchos-chic.com\/fr\/produit\/chatiere-vicky-deluxe-hygiene-elegante-pour-votre-chat\/#primaryimage\"},\"image\":{\"@id\":\"https:\/\/chuchos-chic.com\/fr\/produit\/chatiere-vicky-deluxe-hygiene-elegante-pour-votre-chat\/#primaryimage\"},\"thumbnailUrl\":\"https:\/\/chuchos-chic.com\/wp-content\/uploads\/2025\/07\/gp582s-gatera-plastica-vicky-39-cm_general_92231.jpg\",\"datePublished\":\"2025-10-02T22:38:53+00:00\",\"description\":\"D\u00e9couvrez la Chati\u00e8re Deluxe VICKY : pratique, hygi\u00e9nique et dot\u00e9e d'un filtre \u00e0 charbon pour \u00e9liminer les odeurs. Disponible en diff\u00e9rentes couleurs et facile \u00e0 nettoyer. Id\u00e9al pour les chats exigeants !\",\"breadcrumb\":{\"@id\":\"https:\/\/chuchos-chic.com\/fr\/produit\/chatiere-vicky-deluxe-hygiene-elegante-pour-votre-chat\/#breadcrumb\"},\"inLanguage\":\"fr-FR\",\"potentialAction\":[{\"@type\":\"ReadAction\",\"target\":[\"https:\/\/chuchos-chic.com\/fr\/produit\/chatiere-vicky-deluxe-hygiene-elegante-pour-votre-chat\/\"]}]},{\"@type\":\"ImageObject\",\"inLanguage\":\"fr-FR\",\"@id\":\"https:\/\/chuchos-chic.com\/fr\/produit\/chatiere-vicky-deluxe-hygiene-elegante-pour-votre-chat\/#primaryimage\",\"url\":\"https:\/\/chuchos-chic.com\/wp-content\/uploads\/2025\/07\/gp582s-gatera-plastica-vicky-39-cm_general_92231.jpg\",\"contentUrl\":\"https:\/\/chuchos-chic.com\/wp-content\/uploads\/2025\/07\/gp582s-gatera-plastica-vicky-39-cm_general_92231.jpg\",\"width\":1999,\"height\":1999,\"caption\":\"Dise\u00f1ada para ofrecer higiene y comodidad, la Gatera VICKY combina funcionalidad y estilo para gatos exigentes\"},{\"@type\":\"BreadcrumbList\",\"@id\":\"https:\/\/chuchos-chic.com\/fr\/produit\/chatiere-vicky-deluxe-hygiene-elegante-pour-votre-chat\/#breadcrumb\",\"itemListElement\":[{\"@type\":\"ListItem\",\"position\":1,\"name\":\"Portada\",\"item\":\"https:\/\/chuchos-chic.com\/fr\/homepage-1\/\"},{\"@type\":\"ListItem\",\"position\":2,\"name\":\"Boutique d&rsquo;accessories\",\"item\":\"https:\/\/chuchos-chic.com\/fr\/boutique%20daccesories\/\"},{\"@type\":\"ListItem\",\"position\":3,\"name\":\"Chati\u00e8re VICKY Deluxe \u2013 Hygi\u00e8ne \u00e9l\u00e9gante pour votre chat\"}]},{\"@type\":\"WebSite\",\"@id\":\"https:\/\/chuchos-chic.com\/fr\/#website\",\"url\":\"https:\/\/chuchos-chic.com\/fr\/\",\"name\":\"Pets Grooming - Peluquer\u00eda Canina - Chuchos-Chic\",\"description\":\"Pets Grooming &amp; Shop - Peluquer\u00eda Canina - Moj\u00e1car Almeria\",\"publisher\":{\"@id\":\"https:\/\/chuchos-chic.com\/fr\/#organization\"},\"alternateName\":\"Pets Grooming - Peluquer\u00eda Canina - Chuchos-Chic\",\"potentialAction\":[{\"@type\":\"SearchAction\",\"target\":{\"@type\":\"EntryPoint\",\"urlTemplate\":\"https:\/\/chuchos-chic.com\/fr\/?s={search_term_string}\"},\"query-input\":{\"@type\":\"PropertyValueSpecification\",\"valueRequired\":true,\"valueName\":\"search_term_string\"}}],\"inLanguage\":\"fr-FR\"},{\"@type\":\"Organization\",\"@id\":\"https:\/\/chuchos-chic.com\/fr\/#organization\",\"name\":\"Pets Grooming - Peluquer\u00eda Canina - Chuchos-Chic\",\"alternateName\":\"Pets Grooming - Peluquer\u00eda Canina - Chuchos-Chic\",\"url\":\"https:\/\/chuchos-chic.com\/fr\/\",\"logo\":{\"@type\":\"ImageObject\",\"inLanguage\":\"fr-FR\",\"@id\":\"https:\/\/chuchos-chic.com\/fr\/#\/schema\/logo\/image\/\",\"url\":\"https:\/\/chuchos-chic.com\/wp-content\/uploads\/2024\/03\/Tarjeta_ChuchosChic.png\",\"contentUrl\":\"https:\/\/chuchos-chic.com\/wp-content\/uploads\/2024\/03\/Tarjeta_ChuchosChic.png\",\"width\":725,\"height\":450,\"caption\":\"Pets Grooming - Peluquer\u00eda Canina - Chuchos-Chic\"},\"image\":{\"@id\":\"https:\/\/chuchos-chic.com\/fr\/#\/schema\/logo\/image\/\"},\"sameAs\":[\"https:\/\/www.facebook.com\/ChuchosChic\"]}]}<\/script>\n<!-- \/ Yoast SEO plugin. -->","yoast_head_json":{"title":"Chati\u00e8re VICKY Deluxe \u2013 Hygi\u00e8ne \u00e9l\u00e9gante pour votre chat - Pets Grooming - Peluquer\u00eda Canina - Chuchos-Chic","description":"D\u00e9couvrez la Chati\u00e8re Deluxe VICKY : pratique, hygi\u00e9nique et dot\u00e9e d'un filtre \u00e0 charbon pour \u00e9liminer les odeurs. Disponible en diff\u00e9rentes couleurs et facile \u00e0 nettoyer. Id\u00e9al pour les chats exigeants !","robots":{"index":"index","follow":"follow","max-snippet":"max-snippet:-1","max-image-preview":"max-image-preview:large","max-video-preview":"max-video-preview:-1"},"canonical":"https:\/\/chuchos-chic.com\/fr\/produit\/chatiere-vicky-deluxe-hygiene-elegante-pour-votre-chat\/","og_locale":"fr_FR","og_type":"article","og_title":"Chati\u00e8re VICKY Deluxe \u2013 Hygi\u00e8ne \u00e9l\u00e9gante pour votre chat - Pets Grooming - Peluquer\u00eda Canina - Chuchos-Chic","og_description":"D\u00e9couvrez la Chati\u00e8re Deluxe VICKY : pratique, hygi\u00e9nique et dot\u00e9e d'un filtre \u00e0 charbon pour \u00e9liminer les odeurs. Disponible en diff\u00e9rentes couleurs et facile \u00e0 nettoyer. Id\u00e9al pour les chats exigeants !","og_url":"https:\/\/chuchos-chic.com\/fr\/produit\/chatiere-vicky-deluxe-hygiene-elegante-pour-votre-chat\/","og_site_name":"Pets Grooming - Peluquer\u00eda Canina - Chuchos-Chic","article_publisher":"https:\/\/www.facebook.com\/ChuchosChic","og_image":[{"width":1999,"height":1999,"url":"https:\/\/chuchos-chic.com\/wp-content\/uploads\/2025\/07\/gp582s-gatera-plastica-vicky-39-cm_general_92231.jpg","type":"image\/jpeg"}],"twitter_card":"summary_large_image","schema":{"@context":"https:\/\/schema.org","@graph":[{"@type":"WebPage","@id":"https:\/\/chuchos-chic.com\/fr\/produit\/chatiere-vicky-deluxe-hygiene-elegante-pour-votre-chat\/","url":"https:\/\/chuchos-chic.com\/fr\/produit\/chatiere-vicky-deluxe-hygiene-elegante-pour-votre-chat\/","name":"Chati\u00e8re VICKY Deluxe \u2013 Hygi\u00e8ne \u00e9l\u00e9gante pour votre chat - Pets Grooming - Peluquer\u00eda Canina - Chuchos-Chic","isPartOf":{"@id":"https:\/\/chuchos-chic.com\/fr\/#website"},"primaryImageOfPage":{"@id":"https:\/\/chuchos-chic.com\/fr\/produit\/chatiere-vicky-deluxe-hygiene-elegante-pour-votre-chat\/#primaryimage"},"image":{"@id":"https:\/\/chuchos-chic.com\/fr\/produit\/chatiere-vicky-deluxe-hygiene-elegante-pour-votre-chat\/#primaryimage"},"thumbnailUrl":"https:\/\/chuchos-chic.com\/wp-content\/uploads\/2025\/07\/gp582s-gatera-plastica-vicky-39-cm_general_92231.jpg","datePublished":"2025-10-02T22:38:53+00:00","description":"D\u00e9couvrez la Chati\u00e8re Deluxe VICKY : pratique, hygi\u00e9nique et dot\u00e9e d'un filtre \u00e0 charbon pour \u00e9liminer les odeurs. Disponible en diff\u00e9rentes couleurs et facile \u00e0 nettoyer. Id\u00e9al pour les chats exigeants !","breadcrumb":{"@id":"https:\/\/chuchos-chic.com\/fr\/produit\/chatiere-vicky-deluxe-hygiene-elegante-pour-votre-chat\/#breadcrumb"},"inLanguage":"fr-FR","potentialAction":[{"@type":"ReadAction","target":["https:\/\/chuchos-chic.com\/fr\/produit\/chatiere-vicky-deluxe-hygiene-elegante-pour-votre-chat\/"]}]},{"@type":"ImageObject","inLanguage":"fr-FR","@id":"https:\/\/chuchos-chic.com\/fr\/produit\/chatiere-vicky-deluxe-hygiene-elegante-pour-votre-chat\/#primaryimage","url":"https:\/\/chuchos-chic.com\/wp-content\/uploads\/2025\/07\/gp582s-gatera-plastica-vicky-39-cm_general_92231.jpg","contentUrl":"https:\/\/chuchos-chic.com\/wp-content\/uploads\/2025\/07\/gp582s-gatera-plastica-vicky-39-cm_general_92231.jpg","width":1999,"height":1999,"caption":"Dise\u00f1ada para ofrecer higiene y comodidad, la Gatera VICKY combina funcionalidad y estilo para gatos exigentes"},{"@type":"BreadcrumbList","@id":"https:\/\/chuchos-chic.com\/fr\/produit\/chatiere-vicky-deluxe-hygiene-elegante-pour-votre-chat\/#breadcrumb","itemListElement":[{"@type":"ListItem","position":1,"name":"Portada","item":"https:\/\/chuchos-chic.com\/fr\/homepage-1\/"},{"@type":"ListItem","position":2,"name":"Boutique d&rsquo;accessories","item":"https:\/\/chuchos-chic.com\/fr\/boutique%20daccesories\/"},{"@type":"ListItem","position":3,"name":"Chati\u00e8re VICKY Deluxe \u2013 Hygi\u00e8ne \u00e9l\u00e9gante pour votre chat"}]},{"@type":"WebSite","@id":"https:\/\/chuchos-chic.com\/fr\/#website","url":"https:\/\/chuchos-chic.com\/fr\/","name":"Pets Grooming - Peluquer\u00eda Canina - Chuchos-Chic","description":"Pets Grooming &amp; Shop - Peluquer\u00eda Canina - Moj\u00e1car Almeria","publisher":{"@id":"https:\/\/chuchos-chic.com\/fr\/#organization"},"alternateName":"Pets Grooming - Peluquer\u00eda Canina - Chuchos-Chic","potentialAction":[{"@type":"SearchAction","target":{"@type":"EntryPoint","urlTemplate":"https:\/\/chuchos-chic.com\/fr\/?s={search_term_string}"},"query-input":{"@type":"PropertyValueSpecification","valueRequired":true,"valueName":"search_term_string"}}],"inLanguage":"fr-FR"},{"@type":"Organization","@id":"https:\/\/chuchos-chic.com\/fr\/#organization","name":"Pets Grooming - Peluquer\u00eda Canina - Chuchos-Chic","alternateName":"Pets Grooming - Peluquer\u00eda Canina - Chuchos-Chic","url":"https:\/\/chuchos-chic.com\/fr\/","logo":{"@type":"ImageObject","inLanguage":"fr-FR","@id":"https:\/\/chuchos-chic.com\/fr\/#\/schema\/logo\/image\/","url":"https:\/\/chuchos-chic.com\/wp-content\/uploads\/2024\/03\/Tarjeta_ChuchosChic.png","contentUrl":"https:\/\/chuchos-chic.com\/wp-content\/uploads\/2024\/03\/Tarjeta_ChuchosChic.png","width":725,"height":450,"caption":"Pets Grooming - Peluquer\u00eda Canina - Chuchos-Chic"},"image":{"@id":"https:\/\/chuchos-chic.com\/fr\/#\/schema\/logo\/image\/"},"sameAs":["https:\/\/www.facebook.com\/ChuchosChic"]}]}},"_links":{"self":[{"href":"https:\/\/chuchos-chic.com\/fr\/wp-json\/wp\/v2\/product\/2312","targetHints":{"allow":["GET"]}}],"collection":[{"href":"https:\/\/chuchos-chic.com\/fr\/wp-json\/wp\/v2\/product"}],"about":[{"href":"https:\/\/chuchos-chic.com\/fr\/wp-json\/wp\/v2\/types\/product"}],"replies":[{"embeddable":true,"href":"https:\/\/chuchos-chic.com\/fr\/wp-json\/wp\/v2\/comments?post=2312"}],"wp:featuredmedia":[{"embeddable":true,"href":"https:\/\/chuchos-chic.com\/fr\/wp-json\/wp\/v2\/media\/2310"}],"wp:attachment":[{"href":"https:\/\/chuchos-chic.com\/fr\/wp-json\/wp\/v2\/media?parent=2312"}],"wp:term":[{"taxonomy":"product_brand","embeddable":true,"href":"https:\/\/chuchos-chic.com\/fr\/wp-json\/wp\/v2\/product_brand?post=2312"},{"taxonomy":"product_cat","embeddable":true,"href":"https:\/\/chuchos-chic.com\/fr\/wp-json\/wp\/v2\/product_cat?post=2312"},{"taxonomy":"product_tag","embeddable":true,"href":"https:\/\/chuchos-chic.com\/fr\/wp-json\/wp\/v2\/product_tag?post=2312"}],"curies":[{"name":"wp","href":"https:\/\/api.w.org\/{rel}","templated":true}]}}