{"id":2115,"date":"2025-08-19T00:18:33","date_gmt":"2025-08-18T22:18:33","guid":{"rendered":"https:\/\/chuchos-chic.com\/product\/nutradog-snack-dos-de-poulet-avec-calcium\/"},"modified":"2025-07-06T11:18:33","modified_gmt":"2025-07-06T09:18:33","slug":"nutradog-snack-dos-de-poulet-avec-calcium","status":"publish","type":"product","link":"https:\/\/chuchos-chic.com\/fr\/produit\/nutradog-snack-dos-de-poulet-avec-calcium\/","title":{"rendered":"NutraDog Snack d\u2019os de poulet avec calcium"},"content":{"rendered":"<h3>\ud83e\uddb4 Os de poulet NutraDog avec calcium \u2013 100&nbsp;% naturel<\/h3>\n<p>La collation id\u00e9ale pour chouchouter votre chien tout en prenant soin de sa sant\u00e9 !<\/p>\n<p>Ces d\u00e9licieux <strong>os de poulet<\/strong> sont fabriqu\u00e9s avec plus de <strong>35 % de viande de poulet<\/strong> et enrichis en <strong>calcium<\/strong>, ce qui en fait le choix parfait pour <strong>les chiots en pleine croissance<\/strong> ou les <strong>chiens plus \u00e2g\u00e9s<\/strong> qui ont besoin d\u2019un coup de pouce suppl\u00e9mentaire pour garder leurs os solides.<\/p>\n<p>\u2705 <strong>Naturel et sans colorants artificiels Faible<\/strong> \u2705 <strong>en gras<\/strong> pour garder votre ami \u00e0 quatre pattes en forme \u2705 <strong>Texture ferme<\/strong> : plus de temps de mastication, moins d\u2019anxi\u00e9t\u00e9 \u2705 Taille id\u00e9ale : <strong>7,5 cm et 8-10 g par unit\u00e9<\/strong><\/p>\n<p>Une option saine, savoureuse et 100&nbsp;% s\u00fbre pour votre compagnon \u00e0 quatre pattes !<\/p>\n","protected":false},"excerpt":{"rendered":"<p>\ud83e\uddb4 <strong>NutraDog Chicken Bones \u2013 Collation naturelle au calcium<\/strong><\/p>\n<p>De d\u00e9licieuses bouch\u00e9es avec plus de 35&nbsp;% de poulet et une texture ferme pour une mastication prolong\u00e9e. Enrichi en calcium et sans colorants artificiels : id\u00e9al pour les chiens en croissance ou plus \u00e2g\u00e9s. <\/p>\n","protected":false},"featured_media":2113,"comment_status":"open","ping_status":"closed","template":"","meta":[],"product_brand":[581,602],"product_cat":[557],"product_tag":[626,624,625],"class_list":{"0":"post-2115","1":"product","2":"type-product","3":"status-publish","4":"has-post-thumbnail","6":"product_brand-ica-sa-fr","7":"product_brand-friandises-naturelles-pour-chiens-nutradog","8":"product_cat-collations-et-friandises","9":"product_tag-calcium-booster-fr","10":"product_tag-chiens-de-grignotage-naturel","11":"product_tag-os-de-poulet","13":"first","14":"instock","15":"taxable","16":"shipping-taxable","17":"purchasable","18":"product-type-simple"},"yoast_head":"<!-- This site is optimized with the Yoast SEO plugin v26.7 - https:\/\/yoast.com\/wordpress\/plugins\/seo\/ -->\n<title>NutraDog Snack d\u2019os de poulet avec calcium - Pets Grooming - Peluquer\u00eda Canina - Chuchos-Chic<\/title>\n<meta name=\"description\" content=\"Collation naturelle avec 35\u00a0% de poulet et de calcium, id\u00e9ale pour les chiens en croissance ou plus \u00e2g\u00e9s. Go\u00fbt irr\u00e9sistible et r\u00e9els bienfaits pour la sant\u00e9.\" \/>\n<meta name=\"robots\" content=\"index, follow, max-snippet:-1, max-image-preview:large, max-video-preview:-1\" \/>\n<link rel=\"canonical\" href=\"https:\/\/chuchos-chic.com\/fr\/produit\/nutradog-snack-dos-de-poulet-avec-calcium\/\" \/>\n<meta property=\"og:locale\" content=\"fr_FR\" \/>\n<meta property=\"og:type\" content=\"article\" \/>\n<meta property=\"og:title\" content=\"NutraDog Snack d\u2019os de poulet avec calcium - Pets Grooming - Peluquer\u00eda Canina - Chuchos-Chic\" \/>\n<meta property=\"og:description\" content=\"Collation naturelle avec 35\u00a0% de poulet et de calcium, id\u00e9ale pour les chiens en croissance ou plus \u00e2g\u00e9s. Go\u00fbt irr\u00e9sistible et r\u00e9els bienfaits pour la sant\u00e9.\" \/>\n<meta property=\"og:url\" content=\"https:\/\/chuchos-chic.com\/fr\/produit\/nutradog-snack-dos-de-poulet-avec-calcium\/\" \/>\n<meta property=\"og:site_name\" content=\"Pets Grooming - Peluquer\u00eda Canina - Chuchos-Chic\" \/>\n<meta property=\"article:publisher\" content=\"https:\/\/www.facebook.com\/ChuchosChic\" \/>\n<meta property=\"og:image\" content=\"https:\/\/chuchos-chic.com\/wp-content\/uploads\/2025\/07\/ntd1045-snack-huesitos-de-pollo-con-calcio-nutradog_general_147081.jpg\" \/>\n\t<meta property=\"og:image:width\" content=\"1999\" \/>\n\t<meta property=\"og:image:height\" content=\"1999\" \/>\n\t<meta property=\"og:image:type\" content=\"image\/jpeg\" \/>\n<meta name=\"twitter:card\" content=\"summary_large_image\" \/>\n<meta name=\"twitter:label1\" content=\"Dur\u00e9e de lecture estim\u00e9e\" \/>\n\t<meta name=\"twitter:data1\" content=\"1 minute\" \/>\n<script type=\"application\/ld+json\" class=\"yoast-schema-graph\">{\"@context\":\"https:\/\/schema.org\",\"@graph\":[{\"@type\":\"WebPage\",\"@id\":\"https:\/\/chuchos-chic.com\/fr\/produit\/nutradog-snack-dos-de-poulet-avec-calcium\/\",\"url\":\"https:\/\/chuchos-chic.com\/fr\/produit\/nutradog-snack-dos-de-poulet-avec-calcium\/\",\"name\":\"NutraDog Snack d\u2019os de poulet avec calcium - Pets Grooming - Peluquer\u00eda Canina - Chuchos-Chic\",\"isPartOf\":{\"@id\":\"https:\/\/chuchos-chic.com\/fr\/#website\"},\"primaryImageOfPage\":{\"@id\":\"https:\/\/chuchos-chic.com\/fr\/produit\/nutradog-snack-dos-de-poulet-avec-calcium\/#primaryimage\"},\"image\":{\"@id\":\"https:\/\/chuchos-chic.com\/fr\/produit\/nutradog-snack-dos-de-poulet-avec-calcium\/#primaryimage\"},\"thumbnailUrl\":\"https:\/\/chuchos-chic.com\/wp-content\/uploads\/2025\/07\/ntd1045-snack-huesitos-de-pollo-con-calcio-nutradog_general_147081.jpg\",\"datePublished\":\"2025-08-18T22:18:33+00:00\",\"description\":\"Collation naturelle avec 35\u00a0% de poulet et de calcium, id\u00e9ale pour les chiens en croissance ou plus \u00e2g\u00e9s. Go\u00fbt irr\u00e9sistible et r\u00e9els bienfaits pour la sant\u00e9.\",\"breadcrumb\":{\"@id\":\"https:\/\/chuchos-chic.com\/fr\/produit\/nutradog-snack-dos-de-poulet-avec-calcium\/#breadcrumb\"},\"inLanguage\":\"fr-FR\",\"potentialAction\":[{\"@type\":\"ReadAction\",\"target\":[\"https:\/\/chuchos-chic.com\/fr\/produit\/nutradog-snack-dos-de-poulet-avec-calcium\/\"]}]},{\"@type\":\"ImageObject\",\"inLanguage\":\"fr-FR\",\"@id\":\"https:\/\/chuchos-chic.com\/fr\/produit\/nutradog-snack-dos-de-poulet-avec-calcium\/#primaryimage\",\"url\":\"https:\/\/chuchos-chic.com\/wp-content\/uploads\/2025\/07\/ntd1045-snack-huesitos-de-pollo-con-calcio-nutradog_general_147081.jpg\",\"contentUrl\":\"https:\/\/chuchos-chic.com\/wp-content\/uploads\/2025\/07\/ntd1045-snack-huesitos-de-pollo-con-calcio-nutradog_general_147081.jpg\",\"width\":1999,\"height\":1999,\"caption\":\"Snack huesitos de pollo con calcio NutraDog\"},{\"@type\":\"BreadcrumbList\",\"@id\":\"https:\/\/chuchos-chic.com\/fr\/produit\/nutradog-snack-dos-de-poulet-avec-calcium\/#breadcrumb\",\"itemListElement\":[{\"@type\":\"ListItem\",\"position\":1,\"name\":\"Portada\",\"item\":\"https:\/\/chuchos-chic.com\/fr\/homepage-1\/\"},{\"@type\":\"ListItem\",\"position\":2,\"name\":\"Boutique d&rsquo;accessories\",\"item\":\"https:\/\/chuchos-chic.com\/fr\/boutique%20daccesories\/\"},{\"@type\":\"ListItem\",\"position\":3,\"name\":\"NutraDog Snack d\u2019os de poulet avec calcium\"}]},{\"@type\":\"WebSite\",\"@id\":\"https:\/\/chuchos-chic.com\/fr\/#website\",\"url\":\"https:\/\/chuchos-chic.com\/fr\/\",\"name\":\"Pets Grooming - Peluquer\u00eda Canina - Chuchos-Chic\",\"description\":\"Pets Grooming &amp; Shop - Peluquer\u00eda Canina - Moj\u00e1car Almeria\",\"publisher\":{\"@id\":\"https:\/\/chuchos-chic.com\/fr\/#organization\"},\"alternateName\":\"Pets Grooming - Peluquer\u00eda Canina - Chuchos-Chic\",\"potentialAction\":[{\"@type\":\"SearchAction\",\"target\":{\"@type\":\"EntryPoint\",\"urlTemplate\":\"https:\/\/chuchos-chic.com\/fr\/?s={search_term_string}\"},\"query-input\":{\"@type\":\"PropertyValueSpecification\",\"valueRequired\":true,\"valueName\":\"search_term_string\"}}],\"inLanguage\":\"fr-FR\"},{\"@type\":\"Organization\",\"@id\":\"https:\/\/chuchos-chic.com\/fr\/#organization\",\"name\":\"Pets Grooming - Peluquer\u00eda Canina - Chuchos-Chic\",\"alternateName\":\"Pets Grooming - Peluquer\u00eda Canina - Chuchos-Chic\",\"url\":\"https:\/\/chuchos-chic.com\/fr\/\",\"logo\":{\"@type\":\"ImageObject\",\"inLanguage\":\"fr-FR\",\"@id\":\"https:\/\/chuchos-chic.com\/fr\/#\/schema\/logo\/image\/\",\"url\":\"https:\/\/chuchos-chic.com\/wp-content\/uploads\/2024\/03\/Tarjeta_ChuchosChic.png\",\"contentUrl\":\"https:\/\/chuchos-chic.com\/wp-content\/uploads\/2024\/03\/Tarjeta_ChuchosChic.png\",\"width\":725,\"height\":450,\"caption\":\"Pets Grooming - Peluquer\u00eda Canina - Chuchos-Chic\"},\"image\":{\"@id\":\"https:\/\/chuchos-chic.com\/fr\/#\/schema\/logo\/image\/\"},\"sameAs\":[\"https:\/\/www.facebook.com\/ChuchosChic\"]}]}<\/script>\n<!-- \/ Yoast SEO plugin. -->","yoast_head_json":{"title":"NutraDog Snack d\u2019os de poulet avec calcium - Pets Grooming - Peluquer\u00eda Canina - Chuchos-Chic","description":"Collation naturelle avec 35\u00a0% de poulet et de calcium, id\u00e9ale pour les chiens en croissance ou plus \u00e2g\u00e9s. Go\u00fbt irr\u00e9sistible et r\u00e9els bienfaits pour la sant\u00e9.","robots":{"index":"index","follow":"follow","max-snippet":"max-snippet:-1","max-image-preview":"max-image-preview:large","max-video-preview":"max-video-preview:-1"},"canonical":"https:\/\/chuchos-chic.com\/fr\/produit\/nutradog-snack-dos-de-poulet-avec-calcium\/","og_locale":"fr_FR","og_type":"article","og_title":"NutraDog Snack d\u2019os de poulet avec calcium - Pets Grooming - Peluquer\u00eda Canina - Chuchos-Chic","og_description":"Collation naturelle avec 35\u00a0% de poulet et de calcium, id\u00e9ale pour les chiens en croissance ou plus \u00e2g\u00e9s. Go\u00fbt irr\u00e9sistible et r\u00e9els bienfaits pour la sant\u00e9.","og_url":"https:\/\/chuchos-chic.com\/fr\/produit\/nutradog-snack-dos-de-poulet-avec-calcium\/","og_site_name":"Pets Grooming - Peluquer\u00eda Canina - Chuchos-Chic","article_publisher":"https:\/\/www.facebook.com\/ChuchosChic","og_image":[{"width":1999,"height":1999,"url":"https:\/\/chuchos-chic.com\/wp-content\/uploads\/2025\/07\/ntd1045-snack-huesitos-de-pollo-con-calcio-nutradog_general_147081.jpg","type":"image\/jpeg"}],"twitter_card":"summary_large_image","twitter_misc":{"Dur\u00e9e de lecture estim\u00e9e":"1 minute"},"schema":{"@context":"https:\/\/schema.org","@graph":[{"@type":"WebPage","@id":"https:\/\/chuchos-chic.com\/fr\/produit\/nutradog-snack-dos-de-poulet-avec-calcium\/","url":"https:\/\/chuchos-chic.com\/fr\/produit\/nutradog-snack-dos-de-poulet-avec-calcium\/","name":"NutraDog Snack d\u2019os de poulet avec calcium - Pets Grooming - Peluquer\u00eda Canina - Chuchos-Chic","isPartOf":{"@id":"https:\/\/chuchos-chic.com\/fr\/#website"},"primaryImageOfPage":{"@id":"https:\/\/chuchos-chic.com\/fr\/produit\/nutradog-snack-dos-de-poulet-avec-calcium\/#primaryimage"},"image":{"@id":"https:\/\/chuchos-chic.com\/fr\/produit\/nutradog-snack-dos-de-poulet-avec-calcium\/#primaryimage"},"thumbnailUrl":"https:\/\/chuchos-chic.com\/wp-content\/uploads\/2025\/07\/ntd1045-snack-huesitos-de-pollo-con-calcio-nutradog_general_147081.jpg","datePublished":"2025-08-18T22:18:33+00:00","description":"Collation naturelle avec 35\u00a0% de poulet et de calcium, id\u00e9ale pour les chiens en croissance ou plus \u00e2g\u00e9s. Go\u00fbt irr\u00e9sistible et r\u00e9els bienfaits pour la sant\u00e9.","breadcrumb":{"@id":"https:\/\/chuchos-chic.com\/fr\/produit\/nutradog-snack-dos-de-poulet-avec-calcium\/#breadcrumb"},"inLanguage":"fr-FR","potentialAction":[{"@type":"ReadAction","target":["https:\/\/chuchos-chic.com\/fr\/produit\/nutradog-snack-dos-de-poulet-avec-calcium\/"]}]},{"@type":"ImageObject","inLanguage":"fr-FR","@id":"https:\/\/chuchos-chic.com\/fr\/produit\/nutradog-snack-dos-de-poulet-avec-calcium\/#primaryimage","url":"https:\/\/chuchos-chic.com\/wp-content\/uploads\/2025\/07\/ntd1045-snack-huesitos-de-pollo-con-calcio-nutradog_general_147081.jpg","contentUrl":"https:\/\/chuchos-chic.com\/wp-content\/uploads\/2025\/07\/ntd1045-snack-huesitos-de-pollo-con-calcio-nutradog_general_147081.jpg","width":1999,"height":1999,"caption":"Snack huesitos de pollo con calcio NutraDog"},{"@type":"BreadcrumbList","@id":"https:\/\/chuchos-chic.com\/fr\/produit\/nutradog-snack-dos-de-poulet-avec-calcium\/#breadcrumb","itemListElement":[{"@type":"ListItem","position":1,"name":"Portada","item":"https:\/\/chuchos-chic.com\/fr\/homepage-1\/"},{"@type":"ListItem","position":2,"name":"Boutique d&rsquo;accessories","item":"https:\/\/chuchos-chic.com\/fr\/boutique%20daccesories\/"},{"@type":"ListItem","position":3,"name":"NutraDog Snack d\u2019os de poulet avec calcium"}]},{"@type":"WebSite","@id":"https:\/\/chuchos-chic.com\/fr\/#website","url":"https:\/\/chuchos-chic.com\/fr\/","name":"Pets Grooming - Peluquer\u00eda Canina - Chuchos-Chic","description":"Pets Grooming &amp; Shop - Peluquer\u00eda Canina - Moj\u00e1car Almeria","publisher":{"@id":"https:\/\/chuchos-chic.com\/fr\/#organization"},"alternateName":"Pets Grooming - Peluquer\u00eda Canina - Chuchos-Chic","potentialAction":[{"@type":"SearchAction","target":{"@type":"EntryPoint","urlTemplate":"https:\/\/chuchos-chic.com\/fr\/?s={search_term_string}"},"query-input":{"@type":"PropertyValueSpecification","valueRequired":true,"valueName":"search_term_string"}}],"inLanguage":"fr-FR"},{"@type":"Organization","@id":"https:\/\/chuchos-chic.com\/fr\/#organization","name":"Pets Grooming - Peluquer\u00eda Canina - Chuchos-Chic","alternateName":"Pets Grooming - Peluquer\u00eda Canina - Chuchos-Chic","url":"https:\/\/chuchos-chic.com\/fr\/","logo":{"@type":"ImageObject","inLanguage":"fr-FR","@id":"https:\/\/chuchos-chic.com\/fr\/#\/schema\/logo\/image\/","url":"https:\/\/chuchos-chic.com\/wp-content\/uploads\/2024\/03\/Tarjeta_ChuchosChic.png","contentUrl":"https:\/\/chuchos-chic.com\/wp-content\/uploads\/2024\/03\/Tarjeta_ChuchosChic.png","width":725,"height":450,"caption":"Pets Grooming - Peluquer\u00eda Canina - Chuchos-Chic"},"image":{"@id":"https:\/\/chuchos-chic.com\/fr\/#\/schema\/logo\/image\/"},"sameAs":["https:\/\/www.facebook.com\/ChuchosChic"]}]}},"_links":{"self":[{"href":"https:\/\/chuchos-chic.com\/fr\/wp-json\/wp\/v2\/product\/2115","targetHints":{"allow":["GET"]}}],"collection":[{"href":"https:\/\/chuchos-chic.com\/fr\/wp-json\/wp\/v2\/product"}],"about":[{"href":"https:\/\/chuchos-chic.com\/fr\/wp-json\/wp\/v2\/types\/product"}],"replies":[{"embeddable":true,"href":"https:\/\/chuchos-chic.com\/fr\/wp-json\/wp\/v2\/comments?post=2115"}],"wp:featuredmedia":[{"embeddable":true,"href":"https:\/\/chuchos-chic.com\/fr\/wp-json\/wp\/v2\/media\/2113"}],"wp:attachment":[{"href":"https:\/\/chuchos-chic.com\/fr\/wp-json\/wp\/v2\/media?parent=2115"}],"wp:term":[{"taxonomy":"product_brand","embeddable":true,"href":"https:\/\/chuchos-chic.com\/fr\/wp-json\/wp\/v2\/product_brand?post=2115"},{"taxonomy":"product_cat","embeddable":true,"href":"https:\/\/chuchos-chic.com\/fr\/wp-json\/wp\/v2\/product_cat?post=2115"},{"taxonomy":"product_tag","embeddable":true,"href":"https:\/\/chuchos-chic.com\/fr\/wp-json\/wp\/v2\/product_tag?post=2115"}],"curies":[{"name":"wp","href":"https:\/\/api.w.org\/{rel}","templated":true}]}}