{"id":1679,"date":"2025-09-12T00:01:24","date_gmt":"2025-09-11T22:01:24","guid":{"rendered":"https:\/\/chuchos-chic.com\/?post_type=product&#038;p=1679"},"modified":"2025-05-08T07:51:24","modified_gmt":"2025-05-08T05:51:24","slug":"calmizen-petites-et-moyennes-races-90-comprimes-copia-2","status":"publish","type":"product","link":"https:\/\/chuchos-chic.com\/fr\/produit\/calmizen-petites-et-moyennes-races-90-comprimes-copia-2\/","title":{"rendered":"Neuro Active &#8211; Suppl\u00e9ment 3-en-1 : Ginseng, Ginkgo biloba et vitamines B pour le bien-\u00eatre cognitif"},"content":{"rendered":"<p><strong>D\u00e9couvrez Neuro Active de Supple Pets\u00a0: les meilleurs soins pour l\u2019esprit de<\/strong> \ud83d\udc3e votre animal<\/p>\n<p>Neuro Active est un compl\u00e9ment alimentaire <strong>3 en 1<\/strong> qui combine la puissance du Ginseng, du Ginkgo Biloba et des Vitamines du groupe B pour offrir des soins complets et avanc\u00e9s pour la sant\u00e9 mentale et physique de votre animal. Ce suppl\u00e9ment est con\u00e7u pour pr\u00e9venir le syndrome de dysfonctionnement cognitif et am\u00e9liorer votre qualit\u00e9 de vie.<\/p>\n<p><strong>Les ingr\u00e9dients cl\u00e9s et leurs bienfaits :<\/strong><\/p>\n<ul>\n<li>\ud83c\udf3f <strong>Ginkgo Biloba : Avec des<\/strong> activit\u00e9s vasodilatatrices p\u00e9riph\u00e9riques, antioxydantes et stimulantes du syst\u00e8me nerveux central. Il am\u00e9liore la m\u00e9moire, l\u2019attention et la vitesse de r\u00e9flexion, aidant \u00e0 pr\u00e9venir le d\u00e9clin cognitif.<\/li>\n<li>\ud83c\udf31 <strong>Ginseng :<\/strong> Cette ancienne plante chinoise stimule l\u2019activit\u00e9 physique et mentale en situation de fatigue ou d\u2019\u00e9puisement gr\u00e2ce \u00e0 ses gins\u00e9nosides. Il r\u00e9duit \u00e9galement le stress, encourage la relaxation et renforce l\u2019immunit\u00e9 cellulaire.<\/li>\n<li>\ud83d\udc8a <strong>Vitamines B (B1, B2, B3, B5, B6, B12) :<\/strong> Elles prot\u00e8gent le syst\u00e8me nerveux central et fournissent de l\u2019\u00e9nergie m\u00e9tabolique, augmentant ainsi le tonus vital de votre animal.<\/li>\n<\/ul>\n<p><strong>Pourquoi choisir Neuro Active\u00a0?<\/strong><\/p>\n<ul>\n<li>\ud83e\udde0 Soutien cognitif : Favorise la m\u00e9moire, la concentration et la tranquillit\u00e9.<\/li>\n<li>\ud83d\ude0c R\u00e9duction du stress : Id\u00e9al pour les animaux confront\u00e9s \u00e0 l\u2019anxi\u00e9t\u00e9 ou aux changements dans leur environnement.<\/li>\n<li>\ud83d\udc15 \u00c9nergie et vitalit\u00e9 : Favorise le bien-\u00eatre g\u00e9n\u00e9ral et les aide \u00e0 rester actifs.<\/li>\n<li>\ud83d\udc3e Facile \u00e0 administrer : Parfait pour m\u00e9langer avec votre repas quotidien.<\/li>\n<\/ul>\n<p>Donnez \u00e0 votre animal les soins qu\u2019il m\u00e9rite avec Neuro Active de Supple Pets\u00a0! Parce qu\u2019un cerveau en bonne sant\u00e9 garantit une vie plus heureuse et plus \u00e9quilibr\u00e9e. \ud83c\udf1f<\/p>\n","protected":false},"excerpt":{"rendered":"<p><strong>D\u00e9couvrez Neuro Active de Supple Pets\u00a0: les meilleurs soins pour l\u2019esprit de<\/strong> \ud83d\udc3e<\/p>\n<p>Neuro Active est un compl\u00e9ment alimentaire <strong>3 en 1<\/strong> qui combine la puissance du Ginseng, du Ginkgo Biloba et des Vitamines du groupe B pour offrir des soins complets et avanc\u00e9s pour la sant\u00e9 mentale et physique de votre animal. Ce suppl\u00e9ment est con\u00e7u pour pr\u00e9venir le syndrome de dysfonctionnement cognitif et am\u00e9liorer votre qualit\u00e9 de vie.<\/p>\n<p><strong>Les ingr\u00e9dients cl\u00e9s et leurs bienfaits :<\/strong><\/p>\n<ul>\n<li>\ud83c\udf3f <strong>Ginkgo Biloba : Avec des<\/strong> activit\u00e9s vasodilatatrices p\u00e9riph\u00e9riques, antioxydantes et stimulantes du syst\u00e8me nerveux central. Il am\u00e9liore la m\u00e9moire, l\u2019attention et la vitesse de r\u00e9flexion, aidant \u00e0 pr\u00e9venir le d\u00e9clin cognitif.<\/li>\n<li>\ud83c\udf31 <strong>Ginseng :<\/strong> Cette ancienne plante chinoise stimule l\u2019activit\u00e9 physique et mentale en situation de fatigue ou d\u2019\u00e9puisement gr\u00e2ce \u00e0 ses gins\u00e9nosides. Il r\u00e9duit \u00e9galement le stress, encourage la relaxation et renforce l\u2019immunit\u00e9 cellulaire.<\/li>\n<li>\ud83d\udc8a <strong>Vitamines B (B1, B2, B3, B5, B6, B12) :<\/strong> Elles prot\u00e8gent le syst\u00e8me nerveux central et fournissent de l\u2019\u00e9nergie m\u00e9tabolique, augmentant ainsi le tonus vital de votre animal.<\/li>\n<\/ul>\n<p><strong>Pourquoi choisir Neuro Active\u00a0?<\/strong><\/p>\n<ul>\n<li>\ud83e\udde0 Soutien cognitif : Favorise la m\u00e9moire, la concentration et la tranquillit\u00e9.<\/li>\n<li>\ud83d\ude0c R\u00e9duction du stress : Id\u00e9al pour les animaux confront\u00e9s \u00e0 l\u2019anxi\u00e9t\u00e9 ou aux changements dans leur environnement.<\/li>\n<li>\ud83d\udc15 \u00c9nergie et vitalit\u00e9 : Favorise le bien-\u00eatre g\u00e9n\u00e9ral et les aide \u00e0 rester actifs.<\/li>\n<li>\ud83d\udc3e Facile \u00e0 administrer : Parfait pour m\u00e9langer avec votre repas quotidien.<\/li>\n<\/ul>\n<p>Donnez \u00e0 votre animal les soins qu\u2019il m\u00e9rite avec Neuro Active de Supple Pets\u00a0! Parce qu\u2019un cerveau en bonne sant\u00e9 garantit une vie plus heureuse et plus \u00e9quilibr\u00e9e. \ud83c\udf1f<\/p>\n","protected":false},"featured_media":1684,"comment_status":"open","ping_status":"closed","template":"","meta":[],"product_brand":[164],"product_cat":[74,131,165],"product_tag":[166,183,133,247,246,167],"class_list":{"0":"post-1679","1":"product","2":"type-product","3":"status-publish","4":"has-post-thumbnail","6":"product_brand-supple-pets-fr","7":"product_cat-toutes-les-categories","8":"product_cat-produits-chiens-boutique-en-ligne","9":"product_cat-supplements","10":"product_tag-modules-complementaires","11":"product_tag-bien-etre-animal","12":"product_tag-chien","13":"product_tag-complement-naturel","14":"product_tag-sante-cognitive-des-animaux-de-compagnie","15":"product_tag-supplements-fr","17":"first","18":"instock","19":"taxable","20":"shipping-taxable","21":"purchasable","22":"product-type-simple"},"yoast_head":"<!-- This site is optimized with the Yoast SEO plugin v26.7 - https:\/\/yoast.com\/wordpress\/plugins\/seo\/ -->\n<title>Neuro Active - Suppl\u00e9ment 3-en-1 : Ginseng, Ginkgo biloba et vitamines B pour le bien-\u00eatre cognitif - Pets Grooming - Peluquer\u00eda Canina - Chuchos-Chic<\/title>\n<meta name=\"description\" content=\"Neuro Active - Suppl\u00e9ment 3-en-1 : Ginseng, Ginkgo biloba et vitamines B pour le bien-\u00eatre cognitif\" \/>\n<meta name=\"robots\" content=\"index, follow, max-snippet:-1, max-image-preview:large, max-video-preview:-1\" \/>\n<link rel=\"canonical\" href=\"https:\/\/chuchos-chic.com\/fr\/produit\/calmizen-petites-et-moyennes-races-90-comprimes-copia-2\/\" \/>\n<meta property=\"og:locale\" content=\"fr_FR\" \/>\n<meta property=\"og:type\" content=\"article\" \/>\n<meta property=\"og:title\" content=\"Neuro Active - Suppl\u00e9ment 3-en-1 : Ginseng, Ginkgo biloba et vitamines B pour le bien-\u00eatre cognitif - Pets Grooming - Peluquer\u00eda Canina - Chuchos-Chic\" \/>\n<meta property=\"og:description\" content=\"Neuro Active - Suppl\u00e9ment 3-en-1 : Ginseng, Ginkgo biloba et vitamines B pour le bien-\u00eatre cognitif\" \/>\n<meta property=\"og:url\" content=\"https:\/\/chuchos-chic.com\/fr\/produit\/calmizen-petites-et-moyennes-races-90-comprimes-copia-2\/\" \/>\n<meta property=\"og:site_name\" content=\"Pets Grooming - Peluquer\u00eda Canina - Chuchos-Chic\" \/>\n<meta property=\"article:publisher\" content=\"https:\/\/www.facebook.com\/ChuchosChic\" \/>\n<meta property=\"og:image\" content=\"https:\/\/chuchos-chic.com\/wp-content\/uploads\/2025\/04\/SP007ESIT-SP007PTFR_202406171140271.jpg\" \/>\n\t<meta property=\"og:image:width\" content=\"2200\" \/>\n\t<meta property=\"og:image:height\" content=\"1467\" \/>\n\t<meta property=\"og:image:type\" content=\"image\/jpeg\" \/>\n<meta name=\"twitter:card\" content=\"summary_large_image\" \/>\n<meta name=\"twitter:label1\" content=\"Dur\u00e9e de lecture estim\u00e9e\" \/>\n\t<meta name=\"twitter:data1\" content=\"2 minutes\" \/>\n<script type=\"application\/ld+json\" class=\"yoast-schema-graph\">{\"@context\":\"https:\/\/schema.org\",\"@graph\":[{\"@type\":\"WebPage\",\"@id\":\"https:\/\/chuchos-chic.com\/fr\/produit\/calmizen-petites-et-moyennes-races-90-comprimes-copia-2\/\",\"url\":\"https:\/\/chuchos-chic.com\/fr\/produit\/calmizen-petites-et-moyennes-races-90-comprimes-copia-2\/\",\"name\":\"Neuro Active - Suppl\u00e9ment 3-en-1 : Ginseng, Ginkgo biloba et vitamines B pour le bien-\u00eatre cognitif - Pets Grooming - Peluquer\u00eda Canina - Chuchos-Chic\",\"isPartOf\":{\"@id\":\"https:\/\/chuchos-chic.com\/fr\/#website\"},\"primaryImageOfPage\":{\"@id\":\"https:\/\/chuchos-chic.com\/fr\/produit\/calmizen-petites-et-moyennes-races-90-comprimes-copia-2\/#primaryimage\"},\"image\":{\"@id\":\"https:\/\/chuchos-chic.com\/fr\/produit\/calmizen-petites-et-moyennes-races-90-comprimes-copia-2\/#primaryimage\"},\"thumbnailUrl\":\"https:\/\/chuchos-chic.com\/wp-content\/uploads\/2025\/04\/SP007ESIT-SP007PTFR_202406171140271.jpg\",\"datePublished\":\"2025-09-11T22:01:24+00:00\",\"description\":\"Neuro Active - Suppl\u00e9ment 3-en-1 : Ginseng, Ginkgo biloba et vitamines B pour le bien-\u00eatre cognitif\",\"breadcrumb\":{\"@id\":\"https:\/\/chuchos-chic.com\/fr\/produit\/calmizen-petites-et-moyennes-races-90-comprimes-copia-2\/#breadcrumb\"},\"inLanguage\":\"fr-FR\",\"potentialAction\":[{\"@type\":\"ReadAction\",\"target\":[\"https:\/\/chuchos-chic.com\/fr\/produit\/calmizen-petites-et-moyennes-races-90-comprimes-copia-2\/\"]}]},{\"@type\":\"ImageObject\",\"inLanguage\":\"fr-FR\",\"@id\":\"https:\/\/chuchos-chic.com\/fr\/produit\/calmizen-petites-et-moyennes-races-90-comprimes-copia-2\/#primaryimage\",\"url\":\"https:\/\/chuchos-chic.com\/wp-content\/uploads\/2025\/04\/SP007ESIT-SP007PTFR_202406171140271.jpg\",\"contentUrl\":\"https:\/\/chuchos-chic.com\/wp-content\/uploads\/2025\/04\/SP007ESIT-SP007PTFR_202406171140271.jpg\",\"width\":2200,\"height\":1467,\"caption\":\"Neuro Active - Suplemento 3 en 1: Ginseng, Ginkgo Biloba y Vitaminas B para bienestar cognitivo\"},{\"@type\":\"BreadcrumbList\",\"@id\":\"https:\/\/chuchos-chic.com\/fr\/produit\/calmizen-petites-et-moyennes-races-90-comprimes-copia-2\/#breadcrumb\",\"itemListElement\":[{\"@type\":\"ListItem\",\"position\":1,\"name\":\"Portada\",\"item\":\"https:\/\/chuchos-chic.com\/fr\/homepage-1\/\"},{\"@type\":\"ListItem\",\"position\":2,\"name\":\"Boutique d&rsquo;accessories\",\"item\":\"https:\/\/chuchos-chic.com\/fr\/boutique%20daccesories\/\"},{\"@type\":\"ListItem\",\"position\":3,\"name\":\"Neuro Active &#8211; Suppl\u00e9ment 3-en-1 : Ginseng, Ginkgo biloba et vitamines B pour le bien-\u00eatre cognitif\"}]},{\"@type\":\"WebSite\",\"@id\":\"https:\/\/chuchos-chic.com\/fr\/#website\",\"url\":\"https:\/\/chuchos-chic.com\/fr\/\",\"name\":\"Pets Grooming - Peluquer\u00eda Canina - Chuchos-Chic\",\"description\":\"Pets Grooming &amp; Shop - Peluquer\u00eda Canina - Moj\u00e1car Almeria\",\"publisher\":{\"@id\":\"https:\/\/chuchos-chic.com\/fr\/#organization\"},\"alternateName\":\"Pets Grooming - Peluquer\u00eda Canina - Chuchos-Chic\",\"potentialAction\":[{\"@type\":\"SearchAction\",\"target\":{\"@type\":\"EntryPoint\",\"urlTemplate\":\"https:\/\/chuchos-chic.com\/fr\/?s={search_term_string}\"},\"query-input\":{\"@type\":\"PropertyValueSpecification\",\"valueRequired\":true,\"valueName\":\"search_term_string\"}}],\"inLanguage\":\"fr-FR\"},{\"@type\":\"Organization\",\"@id\":\"https:\/\/chuchos-chic.com\/fr\/#organization\",\"name\":\"Pets Grooming - Peluquer\u00eda Canina - Chuchos-Chic\",\"alternateName\":\"Pets Grooming - Peluquer\u00eda Canina - Chuchos-Chic\",\"url\":\"https:\/\/chuchos-chic.com\/fr\/\",\"logo\":{\"@type\":\"ImageObject\",\"inLanguage\":\"fr-FR\",\"@id\":\"https:\/\/chuchos-chic.com\/fr\/#\/schema\/logo\/image\/\",\"url\":\"https:\/\/chuchos-chic.com\/wp-content\/uploads\/2024\/03\/Tarjeta_ChuchosChic.png\",\"contentUrl\":\"https:\/\/chuchos-chic.com\/wp-content\/uploads\/2024\/03\/Tarjeta_ChuchosChic.png\",\"width\":725,\"height\":450,\"caption\":\"Pets Grooming - Peluquer\u00eda Canina - Chuchos-Chic\"},\"image\":{\"@id\":\"https:\/\/chuchos-chic.com\/fr\/#\/schema\/logo\/image\/\"},\"sameAs\":[\"https:\/\/www.facebook.com\/ChuchosChic\"]}]}<\/script>\n<!-- \/ Yoast SEO plugin. -->","yoast_head_json":{"title":"Neuro Active - Suppl\u00e9ment 3-en-1 : Ginseng, Ginkgo biloba et vitamines B pour le bien-\u00eatre cognitif - Pets Grooming - Peluquer\u00eda Canina - Chuchos-Chic","description":"Neuro Active - Suppl\u00e9ment 3-en-1 : Ginseng, Ginkgo biloba et vitamines B pour le bien-\u00eatre cognitif","robots":{"index":"index","follow":"follow","max-snippet":"max-snippet:-1","max-image-preview":"max-image-preview:large","max-video-preview":"max-video-preview:-1"},"canonical":"https:\/\/chuchos-chic.com\/fr\/produit\/calmizen-petites-et-moyennes-races-90-comprimes-copia-2\/","og_locale":"fr_FR","og_type":"article","og_title":"Neuro Active - Suppl\u00e9ment 3-en-1 : Ginseng, Ginkgo biloba et vitamines B pour le bien-\u00eatre cognitif - Pets Grooming - Peluquer\u00eda Canina - Chuchos-Chic","og_description":"Neuro Active - Suppl\u00e9ment 3-en-1 : Ginseng, Ginkgo biloba et vitamines B pour le bien-\u00eatre cognitif","og_url":"https:\/\/chuchos-chic.com\/fr\/produit\/calmizen-petites-et-moyennes-races-90-comprimes-copia-2\/","og_site_name":"Pets Grooming - Peluquer\u00eda Canina - Chuchos-Chic","article_publisher":"https:\/\/www.facebook.com\/ChuchosChic","og_image":[{"width":2200,"height":1467,"url":"https:\/\/chuchos-chic.com\/wp-content\/uploads\/2025\/04\/SP007ESIT-SP007PTFR_202406171140271.jpg","type":"image\/jpeg"}],"twitter_card":"summary_large_image","twitter_misc":{"Dur\u00e9e de lecture estim\u00e9e":"2 minutes"},"schema":{"@context":"https:\/\/schema.org","@graph":[{"@type":"WebPage","@id":"https:\/\/chuchos-chic.com\/fr\/produit\/calmizen-petites-et-moyennes-races-90-comprimes-copia-2\/","url":"https:\/\/chuchos-chic.com\/fr\/produit\/calmizen-petites-et-moyennes-races-90-comprimes-copia-2\/","name":"Neuro Active - Suppl\u00e9ment 3-en-1 : Ginseng, Ginkgo biloba et vitamines B pour le bien-\u00eatre cognitif - Pets Grooming - Peluquer\u00eda Canina - Chuchos-Chic","isPartOf":{"@id":"https:\/\/chuchos-chic.com\/fr\/#website"},"primaryImageOfPage":{"@id":"https:\/\/chuchos-chic.com\/fr\/produit\/calmizen-petites-et-moyennes-races-90-comprimes-copia-2\/#primaryimage"},"image":{"@id":"https:\/\/chuchos-chic.com\/fr\/produit\/calmizen-petites-et-moyennes-races-90-comprimes-copia-2\/#primaryimage"},"thumbnailUrl":"https:\/\/chuchos-chic.com\/wp-content\/uploads\/2025\/04\/SP007ESIT-SP007PTFR_202406171140271.jpg","datePublished":"2025-09-11T22:01:24+00:00","description":"Neuro Active - Suppl\u00e9ment 3-en-1 : Ginseng, Ginkgo biloba et vitamines B pour le bien-\u00eatre cognitif","breadcrumb":{"@id":"https:\/\/chuchos-chic.com\/fr\/produit\/calmizen-petites-et-moyennes-races-90-comprimes-copia-2\/#breadcrumb"},"inLanguage":"fr-FR","potentialAction":[{"@type":"ReadAction","target":["https:\/\/chuchos-chic.com\/fr\/produit\/calmizen-petites-et-moyennes-races-90-comprimes-copia-2\/"]}]},{"@type":"ImageObject","inLanguage":"fr-FR","@id":"https:\/\/chuchos-chic.com\/fr\/produit\/calmizen-petites-et-moyennes-races-90-comprimes-copia-2\/#primaryimage","url":"https:\/\/chuchos-chic.com\/wp-content\/uploads\/2025\/04\/SP007ESIT-SP007PTFR_202406171140271.jpg","contentUrl":"https:\/\/chuchos-chic.com\/wp-content\/uploads\/2025\/04\/SP007ESIT-SP007PTFR_202406171140271.jpg","width":2200,"height":1467,"caption":"Neuro Active - Suplemento 3 en 1: Ginseng, Ginkgo Biloba y Vitaminas B para bienestar cognitivo"},{"@type":"BreadcrumbList","@id":"https:\/\/chuchos-chic.com\/fr\/produit\/calmizen-petites-et-moyennes-races-90-comprimes-copia-2\/#breadcrumb","itemListElement":[{"@type":"ListItem","position":1,"name":"Portada","item":"https:\/\/chuchos-chic.com\/fr\/homepage-1\/"},{"@type":"ListItem","position":2,"name":"Boutique d&rsquo;accessories","item":"https:\/\/chuchos-chic.com\/fr\/boutique%20daccesories\/"},{"@type":"ListItem","position":3,"name":"Neuro Active &#8211; Suppl\u00e9ment 3-en-1 : Ginseng, Ginkgo biloba et vitamines B pour le bien-\u00eatre cognitif"}]},{"@type":"WebSite","@id":"https:\/\/chuchos-chic.com\/fr\/#website","url":"https:\/\/chuchos-chic.com\/fr\/","name":"Pets Grooming - Peluquer\u00eda Canina - Chuchos-Chic","description":"Pets Grooming &amp; Shop - Peluquer\u00eda Canina - Moj\u00e1car Almeria","publisher":{"@id":"https:\/\/chuchos-chic.com\/fr\/#organization"},"alternateName":"Pets Grooming - Peluquer\u00eda Canina - Chuchos-Chic","potentialAction":[{"@type":"SearchAction","target":{"@type":"EntryPoint","urlTemplate":"https:\/\/chuchos-chic.com\/fr\/?s={search_term_string}"},"query-input":{"@type":"PropertyValueSpecification","valueRequired":true,"valueName":"search_term_string"}}],"inLanguage":"fr-FR"},{"@type":"Organization","@id":"https:\/\/chuchos-chic.com\/fr\/#organization","name":"Pets Grooming - Peluquer\u00eda Canina - Chuchos-Chic","alternateName":"Pets Grooming - Peluquer\u00eda Canina - Chuchos-Chic","url":"https:\/\/chuchos-chic.com\/fr\/","logo":{"@type":"ImageObject","inLanguage":"fr-FR","@id":"https:\/\/chuchos-chic.com\/fr\/#\/schema\/logo\/image\/","url":"https:\/\/chuchos-chic.com\/wp-content\/uploads\/2024\/03\/Tarjeta_ChuchosChic.png","contentUrl":"https:\/\/chuchos-chic.com\/wp-content\/uploads\/2024\/03\/Tarjeta_ChuchosChic.png","width":725,"height":450,"caption":"Pets Grooming - Peluquer\u00eda Canina - Chuchos-Chic"},"image":{"@id":"https:\/\/chuchos-chic.com\/fr\/#\/schema\/logo\/image\/"},"sameAs":["https:\/\/www.facebook.com\/ChuchosChic"]}]}},"_links":{"self":[{"href":"https:\/\/chuchos-chic.com\/fr\/wp-json\/wp\/v2\/product\/1679","targetHints":{"allow":["GET"]}}],"collection":[{"href":"https:\/\/chuchos-chic.com\/fr\/wp-json\/wp\/v2\/product"}],"about":[{"href":"https:\/\/chuchos-chic.com\/fr\/wp-json\/wp\/v2\/types\/product"}],"replies":[{"embeddable":true,"href":"https:\/\/chuchos-chic.com\/fr\/wp-json\/wp\/v2\/comments?post=1679"}],"wp:featuredmedia":[{"embeddable":true,"href":"https:\/\/chuchos-chic.com\/fr\/wp-json\/wp\/v2\/media\/1684"}],"wp:attachment":[{"href":"https:\/\/chuchos-chic.com\/fr\/wp-json\/wp\/v2\/media?parent=1679"}],"wp:term":[{"taxonomy":"product_brand","embeddable":true,"href":"https:\/\/chuchos-chic.com\/fr\/wp-json\/wp\/v2\/product_brand?post=1679"},{"taxonomy":"product_cat","embeddable":true,"href":"https:\/\/chuchos-chic.com\/fr\/wp-json\/wp\/v2\/product_cat?post=1679"},{"taxonomy":"product_tag","embeddable":true,"href":"https:\/\/chuchos-chic.com\/fr\/wp-json\/wp\/v2\/product_tag?post=1679"}],"curies":[{"name":"wp","href":"https:\/\/api.w.org\/{rel}","templated":true}]}}