{"id":1528,"date":"2025-08-22T00:30:20","date_gmt":"2025-08-21T22:30:20","guid":{"rendered":"https:\/\/chuchos-chic.com\/?post_type=product&#038;p=1528"},"modified":"2025-07-11T07:11:53","modified_gmt":"2025-07-11T05:11:53","slug":"big-smile-soins-dentaires-pour-chiens-et-chats-copia","status":"publish","type":"product","link":"https:\/\/chuchos-chic.com\/fr\/produit\/big-smile-soins-dentaires-pour-chiens-et-chats-copia\/","title":{"rendered":"Calmizen : S\u00e9r\u00e9nit\u00e9 pour votre animal en p\u00e9riode de stress"},"content":{"rendered":"<p>Aliment compl\u00e9mentaire indiqu\u00e9 pour les situations stressantes.<\/p>\n<p>L-cas\u00e9ine : renforce les effets du GABA (neurotransmetteur qui r\u00e9gule les fonctions physiologiques) en minimisant l\u2019anxi\u00e9t\u00e9 et les signes associ\u00e9s \u00e0 la peur.<br \/>\nChez le chien, et plus particuli\u00e8rement chez le chat, il am\u00e9liore les r\u00e9actions face aux personnes inconnues et am\u00e9liore les sympt\u00f4mes v\u00e9g\u00e9tatifs associ\u00e9s \u00e0 l\u2019anxi\u00e9t\u00e9 (tachycardie-tachypn\u00e9e, selles molles, transpiration, pupilles dilat\u00e9es, etc.). Extrait de prot\u00e9ines de lait, qui a un effet apaisant.<br \/>\nL\u2019oxyde de magn\u00e9sium : n\u00e9cessaire \u00e0 la synth\u00e8se de la s\u00e9rotonine (un neurotransmetteur \u00e9troitement li\u00e9 au contr\u00f4le des \u00e9motions et de l\u2019humeur), il a un effet relaxant.<br \/>\nL-Tryptophane : pr\u00e9curseur de la s\u00e9rotonine et de la m\u00e9latonine (neurotransmetteur li\u00e9 au sommeil\/repos) contribue \u00e0 am\u00e9liorer les situations de d\u00e9pression, d\u2019anxi\u00e9t\u00e9 ou de stress, aidant \u00e0 am\u00e9liorer l\u2019humeur.<br \/>\nPassiflora : effet relaxant sur les chiens et les chats. Il agit sur le SNC en fournissant un effet anxiolytique, s\u00e9datif, somnif\u00e8re, soulagement de la douleur neuropathique et effet relaxant musculaire.<br \/>\nM\u00e9lisse&nbsp;: produit des effets s\u00e9datifs, calmants et calmants. Aide \u00e0 \u00e9viter les probl\u00e8mes digestifs associ\u00e9s aux probl\u00e8mes nerveux, effet apaisant des douleurs neurov\u00e9g\u00e9tatives.<\/p>\n","protected":false},"excerpt":{"rendered":"<p>Aliment compl\u00e9mentaire indiqu\u00e9 pour les situations stressantes.<\/p>\n<p>L-cas\u00e9ine : renforce les effets du GABA (neurotransmetteur qui r\u00e9gule les fonctions physiologiques) en minimisant l\u2019anxi\u00e9t\u00e9 et les signes associ\u00e9s \u00e0 la peur.<br \/>\nChez le chien, et plus particuli\u00e8rement chez le chat, il am\u00e9liore les r\u00e9actions face aux personnes inconnues et am\u00e9liore les sympt\u00f4mes v\u00e9g\u00e9tatifs associ\u00e9s \u00e0 l\u2019anxi\u00e9t\u00e9 (tachycardie-tachypn\u00e9e, selles molles, transpiration, pupilles dilat\u00e9es, etc.). Extrait de prot\u00e9ines de lait, qui a un effet apaisant.<br \/>\nL\u2019oxyde de magn\u00e9sium : n\u00e9cessaire \u00e0 la synth\u00e8se de la s\u00e9rotonine (un neurotransmetteur \u00e9troitement li\u00e9 au contr\u00f4le des \u00e9motions et de l\u2019humeur), il a un effet relaxant.<br \/>\nL-Tryptophane : pr\u00e9curseur de la s\u00e9rotonine et de la m\u00e9latonine (neurotransmetteur li\u00e9 au sommeil\/repos) contribue \u00e0 am\u00e9liorer les situations de d\u00e9pression, d\u2019anxi\u00e9t\u00e9 ou de stress, aidant \u00e0 am\u00e9liorer l\u2019humeur.<br \/>\nPassiflora : effet relaxant sur les chiens et les chats. Il agit sur le SNC en fournissant un effet anxiolytique, s\u00e9datif, somnif\u00e8re, soulagement de la douleur neuropathique et effet relaxant musculaire.<br \/>\nM\u00e9lisse&nbsp;: produit des effets s\u00e9datifs, calmants et calmants. Aide \u00e0 \u00e9viter les probl\u00e8mes digestifs associ\u00e9s aux probl\u00e8mes nerveux, effet apaisant des douleurs neurov\u00e9g\u00e9tatives.<\/p>\n","protected":false},"featured_media":1532,"comment_status":"open","ping_status":"closed","template":"","meta":[],"product_brand":[164],"product_cat":[74,131,112,563,165],"product_tag":[166,114,133,167],"class_list":{"0":"post-1528","1":"product","2":"type-product","3":"status-publish","4":"has-post-thumbnail","6":"product_brand-supple-pets-fr","7":"product_cat-toutes-les-categories","8":"product_cat-produits-chiens-boutique-en-ligne","9":"product_cat-chats","10":"product_cat-confort-repos","11":"product_cat-supplements","12":"product_tag-modules-complementaires","13":"product_tag-chats","14":"product_tag-chien","15":"product_tag-supplements-fr","17":"first","18":"instock","19":"taxable","20":"shipping-taxable","21":"purchasable","22":"product-type-variable"},"yoast_head":"<!-- This site is optimized with the Yoast SEO plugin v26.7 - https:\/\/yoast.com\/wordpress\/plugins\/seo\/ -->\n<title>Calmizen : S\u00e9r\u00e9nit\u00e9 pour votre animal en p\u00e9riode de stress - Pets Grooming - Peluquer\u00eda Canina - Chuchos-Chic<\/title>\n<meta name=\"description\" content=\"Calmizen : S\u00e9r\u00e9nit\u00e9 pour votre animal en p\u00e9riode de stress\" \/>\n<meta name=\"robots\" content=\"index, follow, max-snippet:-1, max-image-preview:large, max-video-preview:-1\" \/>\n<link rel=\"canonical\" href=\"https:\/\/chuchos-chic.com\/fr\/produit\/big-smile-soins-dentaires-pour-chiens-et-chats-copia\/\" \/>\n<meta property=\"og:locale\" content=\"fr_FR\" \/>\n<meta property=\"og:type\" content=\"article\" \/>\n<meta property=\"og:title\" content=\"Calmizen : S\u00e9r\u00e9nit\u00e9 pour votre animal en p\u00e9riode de stress - Pets Grooming - Peluquer\u00eda Canina - Chuchos-Chic\" \/>\n<meta property=\"og:description\" content=\"Calmizen : S\u00e9r\u00e9nit\u00e9 pour votre animal en p\u00e9riode de stress\" \/>\n<meta property=\"og:url\" content=\"https:\/\/chuchos-chic.com\/fr\/produit\/big-smile-soins-dentaires-pour-chiens-et-chats-copia\/\" \/>\n<meta property=\"og:site_name\" content=\"Pets Grooming - Peluquer\u00eda Canina - Chuchos-Chic\" \/>\n<meta property=\"article:publisher\" content=\"https:\/\/www.facebook.com\/ChuchosChic\" \/>\n<meta property=\"og:image\" content=\"https:\/\/chuchos-chic.com\/wp-content\/uploads\/2025\/03\/SP010ESIT-SP010PTFR-SP011ESIT-SP011PTFR_202406171140291.jpg\" \/>\n\t<meta property=\"og:image:width\" content=\"2200\" \/>\n\t<meta property=\"og:image:height\" content=\"1467\" \/>\n\t<meta property=\"og:image:type\" content=\"image\/jpeg\" \/>\n<meta name=\"twitter:card\" content=\"summary_large_image\" \/>\n<meta name=\"twitter:label1\" content=\"Dur\u00e9e de lecture estim\u00e9e\" \/>\n\t<meta name=\"twitter:data1\" content=\"1 minute\" \/>\n<script type=\"application\/ld+json\" class=\"yoast-schema-graph\">{\"@context\":\"https:\/\/schema.org\",\"@graph\":[{\"@type\":\"WebPage\",\"@id\":\"https:\/\/chuchos-chic.com\/fr\/produit\/big-smile-soins-dentaires-pour-chiens-et-chats-copia\/\",\"url\":\"https:\/\/chuchos-chic.com\/fr\/produit\/big-smile-soins-dentaires-pour-chiens-et-chats-copia\/\",\"name\":\"Calmizen : S\u00e9r\u00e9nit\u00e9 pour votre animal en p\u00e9riode de stress - Pets Grooming - Peluquer\u00eda Canina - Chuchos-Chic\",\"isPartOf\":{\"@id\":\"https:\/\/chuchos-chic.com\/fr\/#website\"},\"primaryImageOfPage\":{\"@id\":\"https:\/\/chuchos-chic.com\/fr\/produit\/big-smile-soins-dentaires-pour-chiens-et-chats-copia\/#primaryimage\"},\"image\":{\"@id\":\"https:\/\/chuchos-chic.com\/fr\/produit\/big-smile-soins-dentaires-pour-chiens-et-chats-copia\/#primaryimage\"},\"thumbnailUrl\":\"https:\/\/chuchos-chic.com\/wp-content\/uploads\/2025\/03\/SP010ESIT-SP010PTFR-SP011ESIT-SP011PTFR_202406171140291.jpg\",\"datePublished\":\"2025-08-21T22:30:20+00:00\",\"description\":\"Calmizen : S\u00e9r\u00e9nit\u00e9 pour votre animal en p\u00e9riode de stress\",\"breadcrumb\":{\"@id\":\"https:\/\/chuchos-chic.com\/fr\/produit\/big-smile-soins-dentaires-pour-chiens-et-chats-copia\/#breadcrumb\"},\"inLanguage\":\"fr-FR\",\"potentialAction\":[{\"@type\":\"ReadAction\",\"target\":[\"https:\/\/chuchos-chic.com\/fr\/produit\/big-smile-soins-dentaires-pour-chiens-et-chats-copia\/\"]}]},{\"@type\":\"ImageObject\",\"inLanguage\":\"fr-FR\",\"@id\":\"https:\/\/chuchos-chic.com\/fr\/produit\/big-smile-soins-dentaires-pour-chiens-et-chats-copia\/#primaryimage\",\"url\":\"https:\/\/chuchos-chic.com\/wp-content\/uploads\/2025\/03\/SP010ESIT-SP010PTFR-SP011ESIT-SP011PTFR_202406171140291.jpg\",\"contentUrl\":\"https:\/\/chuchos-chic.com\/wp-content\/uploads\/2025\/03\/SP010ESIT-SP010PTFR-SP011ESIT-SP011PTFR_202406171140291.jpg\",\"width\":2200,\"height\":1467,\"caption\":\"CALMIZEN Petites et Moyennes Races 90 comprim\u00e9s\"},{\"@type\":\"BreadcrumbList\",\"@id\":\"https:\/\/chuchos-chic.com\/fr\/produit\/big-smile-soins-dentaires-pour-chiens-et-chats-copia\/#breadcrumb\",\"itemListElement\":[{\"@type\":\"ListItem\",\"position\":1,\"name\":\"Portada\",\"item\":\"https:\/\/chuchos-chic.com\/fr\/homepage-1\/\"},{\"@type\":\"ListItem\",\"position\":2,\"name\":\"Boutique d&rsquo;accessories\",\"item\":\"https:\/\/chuchos-chic.com\/fr\/boutique%20daccesories\/\"},{\"@type\":\"ListItem\",\"position\":3,\"name\":\"Calmizen : S\u00e9r\u00e9nit\u00e9 pour votre animal en p\u00e9riode de stress\"}]},{\"@type\":\"WebSite\",\"@id\":\"https:\/\/chuchos-chic.com\/fr\/#website\",\"url\":\"https:\/\/chuchos-chic.com\/fr\/\",\"name\":\"Pets Grooming - Peluquer\u00eda Canina - Chuchos-Chic\",\"description\":\"Pets Grooming &amp; Shop - Peluquer\u00eda Canina - Moj\u00e1car Almeria\",\"publisher\":{\"@id\":\"https:\/\/chuchos-chic.com\/fr\/#organization\"},\"alternateName\":\"Pets Grooming - Peluquer\u00eda Canina - Chuchos-Chic\",\"potentialAction\":[{\"@type\":\"SearchAction\",\"target\":{\"@type\":\"EntryPoint\",\"urlTemplate\":\"https:\/\/chuchos-chic.com\/fr\/?s={search_term_string}\"},\"query-input\":{\"@type\":\"PropertyValueSpecification\",\"valueRequired\":true,\"valueName\":\"search_term_string\"}}],\"inLanguage\":\"fr-FR\"},{\"@type\":\"Organization\",\"@id\":\"https:\/\/chuchos-chic.com\/fr\/#organization\",\"name\":\"Pets Grooming - Peluquer\u00eda Canina - Chuchos-Chic\",\"alternateName\":\"Pets Grooming - Peluquer\u00eda Canina - Chuchos-Chic\",\"url\":\"https:\/\/chuchos-chic.com\/fr\/\",\"logo\":{\"@type\":\"ImageObject\",\"inLanguage\":\"fr-FR\",\"@id\":\"https:\/\/chuchos-chic.com\/fr\/#\/schema\/logo\/image\/\",\"url\":\"https:\/\/chuchos-chic.com\/wp-content\/uploads\/2024\/03\/Tarjeta_ChuchosChic.png\",\"contentUrl\":\"https:\/\/chuchos-chic.com\/wp-content\/uploads\/2024\/03\/Tarjeta_ChuchosChic.png\",\"width\":725,\"height\":450,\"caption\":\"Pets Grooming - Peluquer\u00eda Canina - Chuchos-Chic\"},\"image\":{\"@id\":\"https:\/\/chuchos-chic.com\/fr\/#\/schema\/logo\/image\/\"},\"sameAs\":[\"https:\/\/www.facebook.com\/ChuchosChic\"]}]}<\/script>\n<!-- \/ Yoast SEO plugin. -->","yoast_head_json":{"title":"Calmizen : S\u00e9r\u00e9nit\u00e9 pour votre animal en p\u00e9riode de stress - Pets Grooming - Peluquer\u00eda Canina - Chuchos-Chic","description":"Calmizen : S\u00e9r\u00e9nit\u00e9 pour votre animal en p\u00e9riode de stress","robots":{"index":"index","follow":"follow","max-snippet":"max-snippet:-1","max-image-preview":"max-image-preview:large","max-video-preview":"max-video-preview:-1"},"canonical":"https:\/\/chuchos-chic.com\/fr\/produit\/big-smile-soins-dentaires-pour-chiens-et-chats-copia\/","og_locale":"fr_FR","og_type":"article","og_title":"Calmizen : S\u00e9r\u00e9nit\u00e9 pour votre animal en p\u00e9riode de stress - Pets Grooming - Peluquer\u00eda Canina - Chuchos-Chic","og_description":"Calmizen : S\u00e9r\u00e9nit\u00e9 pour votre animal en p\u00e9riode de stress","og_url":"https:\/\/chuchos-chic.com\/fr\/produit\/big-smile-soins-dentaires-pour-chiens-et-chats-copia\/","og_site_name":"Pets Grooming - Peluquer\u00eda Canina - Chuchos-Chic","article_publisher":"https:\/\/www.facebook.com\/ChuchosChic","og_image":[{"width":2200,"height":1467,"url":"https:\/\/chuchos-chic.com\/wp-content\/uploads\/2025\/03\/SP010ESIT-SP010PTFR-SP011ESIT-SP011PTFR_202406171140291.jpg","type":"image\/jpeg"}],"twitter_card":"summary_large_image","twitter_misc":{"Dur\u00e9e de lecture estim\u00e9e":"1 minute"},"schema":{"@context":"https:\/\/schema.org","@graph":[{"@type":"WebPage","@id":"https:\/\/chuchos-chic.com\/fr\/produit\/big-smile-soins-dentaires-pour-chiens-et-chats-copia\/","url":"https:\/\/chuchos-chic.com\/fr\/produit\/big-smile-soins-dentaires-pour-chiens-et-chats-copia\/","name":"Calmizen : S\u00e9r\u00e9nit\u00e9 pour votre animal en p\u00e9riode de stress - Pets Grooming - Peluquer\u00eda Canina - Chuchos-Chic","isPartOf":{"@id":"https:\/\/chuchos-chic.com\/fr\/#website"},"primaryImageOfPage":{"@id":"https:\/\/chuchos-chic.com\/fr\/produit\/big-smile-soins-dentaires-pour-chiens-et-chats-copia\/#primaryimage"},"image":{"@id":"https:\/\/chuchos-chic.com\/fr\/produit\/big-smile-soins-dentaires-pour-chiens-et-chats-copia\/#primaryimage"},"thumbnailUrl":"https:\/\/chuchos-chic.com\/wp-content\/uploads\/2025\/03\/SP010ESIT-SP010PTFR-SP011ESIT-SP011PTFR_202406171140291.jpg","datePublished":"2025-08-21T22:30:20+00:00","description":"Calmizen : S\u00e9r\u00e9nit\u00e9 pour votre animal en p\u00e9riode de stress","breadcrumb":{"@id":"https:\/\/chuchos-chic.com\/fr\/produit\/big-smile-soins-dentaires-pour-chiens-et-chats-copia\/#breadcrumb"},"inLanguage":"fr-FR","potentialAction":[{"@type":"ReadAction","target":["https:\/\/chuchos-chic.com\/fr\/produit\/big-smile-soins-dentaires-pour-chiens-et-chats-copia\/"]}]},{"@type":"ImageObject","inLanguage":"fr-FR","@id":"https:\/\/chuchos-chic.com\/fr\/produit\/big-smile-soins-dentaires-pour-chiens-et-chats-copia\/#primaryimage","url":"https:\/\/chuchos-chic.com\/wp-content\/uploads\/2025\/03\/SP010ESIT-SP010PTFR-SP011ESIT-SP011PTFR_202406171140291.jpg","contentUrl":"https:\/\/chuchos-chic.com\/wp-content\/uploads\/2025\/03\/SP010ESIT-SP010PTFR-SP011ESIT-SP011PTFR_202406171140291.jpg","width":2200,"height":1467,"caption":"CALMIZEN Petites et Moyennes Races 90 comprim\u00e9s"},{"@type":"BreadcrumbList","@id":"https:\/\/chuchos-chic.com\/fr\/produit\/big-smile-soins-dentaires-pour-chiens-et-chats-copia\/#breadcrumb","itemListElement":[{"@type":"ListItem","position":1,"name":"Portada","item":"https:\/\/chuchos-chic.com\/fr\/homepage-1\/"},{"@type":"ListItem","position":2,"name":"Boutique d&rsquo;accessories","item":"https:\/\/chuchos-chic.com\/fr\/boutique%20daccesories\/"},{"@type":"ListItem","position":3,"name":"Calmizen : S\u00e9r\u00e9nit\u00e9 pour votre animal en p\u00e9riode de stress"}]},{"@type":"WebSite","@id":"https:\/\/chuchos-chic.com\/fr\/#website","url":"https:\/\/chuchos-chic.com\/fr\/","name":"Pets Grooming - Peluquer\u00eda Canina - Chuchos-Chic","description":"Pets Grooming &amp; Shop - Peluquer\u00eda Canina - Moj\u00e1car Almeria","publisher":{"@id":"https:\/\/chuchos-chic.com\/fr\/#organization"},"alternateName":"Pets Grooming - Peluquer\u00eda Canina - Chuchos-Chic","potentialAction":[{"@type":"SearchAction","target":{"@type":"EntryPoint","urlTemplate":"https:\/\/chuchos-chic.com\/fr\/?s={search_term_string}"},"query-input":{"@type":"PropertyValueSpecification","valueRequired":true,"valueName":"search_term_string"}}],"inLanguage":"fr-FR"},{"@type":"Organization","@id":"https:\/\/chuchos-chic.com\/fr\/#organization","name":"Pets Grooming - Peluquer\u00eda Canina - Chuchos-Chic","alternateName":"Pets Grooming - Peluquer\u00eda Canina - Chuchos-Chic","url":"https:\/\/chuchos-chic.com\/fr\/","logo":{"@type":"ImageObject","inLanguage":"fr-FR","@id":"https:\/\/chuchos-chic.com\/fr\/#\/schema\/logo\/image\/","url":"https:\/\/chuchos-chic.com\/wp-content\/uploads\/2024\/03\/Tarjeta_ChuchosChic.png","contentUrl":"https:\/\/chuchos-chic.com\/wp-content\/uploads\/2024\/03\/Tarjeta_ChuchosChic.png","width":725,"height":450,"caption":"Pets Grooming - Peluquer\u00eda Canina - Chuchos-Chic"},"image":{"@id":"https:\/\/chuchos-chic.com\/fr\/#\/schema\/logo\/image\/"},"sameAs":["https:\/\/www.facebook.com\/ChuchosChic"]}]}},"_links":{"self":[{"href":"https:\/\/chuchos-chic.com\/fr\/wp-json\/wp\/v2\/product\/1528","targetHints":{"allow":["GET"]}}],"collection":[{"href":"https:\/\/chuchos-chic.com\/fr\/wp-json\/wp\/v2\/product"}],"about":[{"href":"https:\/\/chuchos-chic.com\/fr\/wp-json\/wp\/v2\/types\/product"}],"replies":[{"embeddable":true,"href":"https:\/\/chuchos-chic.com\/fr\/wp-json\/wp\/v2\/comments?post=1528"}],"wp:featuredmedia":[{"embeddable":true,"href":"https:\/\/chuchos-chic.com\/fr\/wp-json\/wp\/v2\/media\/1532"}],"wp:attachment":[{"href":"https:\/\/chuchos-chic.com\/fr\/wp-json\/wp\/v2\/media?parent=1528"}],"wp:term":[{"taxonomy":"product_brand","embeddable":true,"href":"https:\/\/chuchos-chic.com\/fr\/wp-json\/wp\/v2\/product_brand?post=1528"},{"taxonomy":"product_cat","embeddable":true,"href":"https:\/\/chuchos-chic.com\/fr\/wp-json\/wp\/v2\/product_cat?post=1528"},{"taxonomy":"product_tag","embeddable":true,"href":"https:\/\/chuchos-chic.com\/fr\/wp-json\/wp\/v2\/product_tag?post=1528"}],"curies":[{"name":"wp","href":"https:\/\/api.w.org\/{rel}","templated":true}]}}