{"id":1791,"date":"2025-09-06T00:06:05","date_gmt":"2025-09-05T22:06:05","guid":{"rendered":"https:\/\/chuchos-chic.com\/?post_type=product&#038;p=1791"},"modified":"2025-06-22T09:57:20","modified_gmt":"2025-06-22T07:57:20","slug":"horizontal-sign-my-labrador-lives-here-copia","status":"publish","type":"product","link":"https:\/\/chuchos-chic.com\/en\/product\/horizontal-sign-my-labrador-lives-here-copia\/","title":{"rendered":"French Bulldog Card with Tie"},"content":{"rendered":"<p><strong>French Bulldog Card with Tie<\/strong><\/p>\n<p>Printed in high quality, includes kraft type envelope.<br \/>\nIn different styles, themes and mascots: photography, photography with filters, illustration &#8230;<\/p>\n<p>More than 130 different models of greeting<\/p>\n<p>cards Measurements: 15 x 15 cm.<\/p>\n","protected":false},"excerpt":{"rendered":"<p><strong>French Bulldog Card with Tie<\/strong><\/p>\n<p>Printed in high quality, includes kraft type envelope.<br \/>\nIn different styles, themes and mascots: photography, photography with filters, illustration &#8230;<\/p>\n<p>More than 130 different models of greeting<\/p>\n<p>cards Measurements: 15 x 15 cm.<\/p>\n","protected":false},"featured_media":1794,"comment_status":"open","ping_status":"closed","template":"","meta":[],"product_brand":[273],"product_cat":[84,123,565],"product_tag":[297,280,125,296,282],"class_list":{"0":"post-1791","1":"product","2":"type-product","3":"status-publish","4":"has-post-thumbnail","6":"product_brand-magnet-sttel","7":"product_cat-all-categories","8":"product_cat-dog-products-online-pet-store","9":"product_cat-cards-gifts","10":"product_tag-cards","11":"product_tag-dog-accessories","12":"product_tag-dogs-en-2","13":"product_tag-french-bulldog","14":"product_tag-love-for-dogs","16":"first","17":"instock","18":"taxable","19":"shipping-taxable","20":"purchasable","21":"product-type-simple"},"yoast_head":"<!-- This site is optimized with the Yoast SEO plugin v26.7 - https:\/\/yoast.com\/wordpress\/plugins\/seo\/ -->\n<title>French Bulldog Card with Tie - Pets Grooming - Peluquer\u00eda Canina - Chuchos-Chic<\/title>\n<meta name=\"description\" content=\"French Bulldog Card with Tie\" \/>\n<meta name=\"robots\" content=\"index, follow, max-snippet:-1, max-image-preview:large, max-video-preview:-1\" \/>\n<link rel=\"canonical\" href=\"https:\/\/chuchos-chic.com\/en\/product\/horizontal-sign-my-labrador-lives-here-copia\/\" \/>\n<meta property=\"og:locale\" content=\"en_US\" \/>\n<meta property=\"og:type\" content=\"article\" \/>\n<meta property=\"og:title\" content=\"French Bulldog Card with Tie - Pets Grooming - Peluquer\u00eda Canina - Chuchos-Chic\" \/>\n<meta property=\"og:description\" content=\"French Bulldog Card with Tie\" \/>\n<meta property=\"og:url\" content=\"https:\/\/chuchos-chic.com\/en\/product\/horizontal-sign-my-labrador-lives-here-copia\/\" \/>\n<meta property=\"og:site_name\" content=\"Pets Grooming - Peluquer\u00eda Canina - Chuchos-Chic\" \/>\n<meta property=\"article:publisher\" content=\"https:\/\/www.facebook.com\/ChuchosChic\" \/>\n<meta property=\"og:image\" content=\"https:\/\/chuchos-chic.com\/wp-content\/uploads\/2025\/05\/Tarjeta_Bulldog_Frances_con_Corbata_15_x_15_cm_MAGNET_STEEL1.jpg\" \/>\n\t<meta property=\"og:image:width\" content=\"1500\" \/>\n\t<meta property=\"og:image:height\" content=\"1500\" \/>\n\t<meta property=\"og:image:type\" content=\"image\/jpeg\" \/>\n<meta name=\"twitter:card\" content=\"summary_large_image\" \/>\n<meta name=\"twitter:label1\" content=\"Est. reading time\" \/>\n\t<meta name=\"twitter:data1\" content=\"1 minute\" \/>\n<script type=\"application\/ld+json\" class=\"yoast-schema-graph\">{\"@context\":\"https:\/\/schema.org\",\"@graph\":[{\"@type\":\"WebPage\",\"@id\":\"https:\/\/chuchos-chic.com\/en\/product\/horizontal-sign-my-labrador-lives-here-copia\/\",\"url\":\"https:\/\/chuchos-chic.com\/en\/product\/horizontal-sign-my-labrador-lives-here-copia\/\",\"name\":\"French Bulldog Card with Tie - Pets Grooming - Peluquer\u00eda Canina - Chuchos-Chic\",\"isPartOf\":{\"@id\":\"https:\/\/chuchos-chic.com\/en\/#website\"},\"primaryImageOfPage\":{\"@id\":\"https:\/\/chuchos-chic.com\/en\/product\/horizontal-sign-my-labrador-lives-here-copia\/#primaryimage\"},\"image\":{\"@id\":\"https:\/\/chuchos-chic.com\/en\/product\/horizontal-sign-my-labrador-lives-here-copia\/#primaryimage\"},\"thumbnailUrl\":\"https:\/\/chuchos-chic.com\/wp-content\/uploads\/2025\/05\/Tarjeta_Bulldog_Frances_con_Corbata_15_x_15_cm_MAGNET_STEEL1.jpg\",\"datePublished\":\"2025-09-05T22:06:05+00:00\",\"description\":\"French Bulldog Card with Tie\",\"breadcrumb\":{\"@id\":\"https:\/\/chuchos-chic.com\/en\/product\/horizontal-sign-my-labrador-lives-here-copia\/#breadcrumb\"},\"inLanguage\":\"en-US\",\"potentialAction\":[{\"@type\":\"ReadAction\",\"target\":[\"https:\/\/chuchos-chic.com\/en\/product\/horizontal-sign-my-labrador-lives-here-copia\/\"]}]},{\"@type\":\"ImageObject\",\"inLanguage\":\"en-US\",\"@id\":\"https:\/\/chuchos-chic.com\/en\/product\/horizontal-sign-my-labrador-lives-here-copia\/#primaryimage\",\"url\":\"https:\/\/chuchos-chic.com\/wp-content\/uploads\/2025\/05\/Tarjeta_Bulldog_Frances_con_Corbata_15_x_15_cm_MAGNET_STEEL1.jpg\",\"contentUrl\":\"https:\/\/chuchos-chic.com\/wp-content\/uploads\/2025\/05\/Tarjeta_Bulldog_Frances_con_Corbata_15_x_15_cm_MAGNET_STEEL1.jpg\",\"width\":1500,\"height\":1500,\"caption\":\"Tarjeta Bulldog Franc\u00e9s con Corbata\"},{\"@type\":\"BreadcrumbList\",\"@id\":\"https:\/\/chuchos-chic.com\/en\/product\/horizontal-sign-my-labrador-lives-here-copia\/#breadcrumb\",\"itemListElement\":[{\"@type\":\"ListItem\",\"position\":1,\"name\":\"Portada\",\"item\":\"https:\/\/chuchos-chic.com\/en\/\"},{\"@type\":\"ListItem\",\"position\":2,\"name\":\"Tienda\",\"item\":\"https:\/\/chuchos-chic.com\/en\/shop\/\"},{\"@type\":\"ListItem\",\"position\":3,\"name\":\"French Bulldog Card with Tie\"}]},{\"@type\":\"WebSite\",\"@id\":\"https:\/\/chuchos-chic.com\/en\/#website\",\"url\":\"https:\/\/chuchos-chic.com\/en\/\",\"name\":\"Pets Grooming - Peluquer\u00eda Canina - Chuchos-Chic\",\"description\":\"Pets Grooming &amp; Shop - Peluquer\u00eda Canina - Moj\u00e1car Almeria\",\"publisher\":{\"@id\":\"https:\/\/chuchos-chic.com\/en\/#organization\"},\"alternateName\":\"Pets Grooming - Peluquer\u00eda Canina - Chuchos-Chic\",\"potentialAction\":[{\"@type\":\"SearchAction\",\"target\":{\"@type\":\"EntryPoint\",\"urlTemplate\":\"https:\/\/chuchos-chic.com\/en\/?s={search_term_string}\"},\"query-input\":{\"@type\":\"PropertyValueSpecification\",\"valueRequired\":true,\"valueName\":\"search_term_string\"}}],\"inLanguage\":\"en-US\"},{\"@type\":\"Organization\",\"@id\":\"https:\/\/chuchos-chic.com\/en\/#organization\",\"name\":\"Pets Grooming - Peluquer\u00eda Canina - Chuchos-Chic\",\"alternateName\":\"Pets Grooming - Peluquer\u00eda Canina - Chuchos-Chic\",\"url\":\"https:\/\/chuchos-chic.com\/en\/\",\"logo\":{\"@type\":\"ImageObject\",\"inLanguage\":\"en-US\",\"@id\":\"https:\/\/chuchos-chic.com\/en\/#\/schema\/logo\/image\/\",\"url\":\"https:\/\/chuchos-chic.com\/wp-content\/uploads\/2024\/03\/Tarjeta_ChuchosChic.png\",\"contentUrl\":\"https:\/\/chuchos-chic.com\/wp-content\/uploads\/2024\/03\/Tarjeta_ChuchosChic.png\",\"width\":725,\"height\":450,\"caption\":\"Pets Grooming - Peluquer\u00eda Canina - Chuchos-Chic\"},\"image\":{\"@id\":\"https:\/\/chuchos-chic.com\/en\/#\/schema\/logo\/image\/\"},\"sameAs\":[\"https:\/\/www.facebook.com\/ChuchosChic\"]}]}<\/script>\n<!-- \/ Yoast SEO plugin. -->","yoast_head_json":{"title":"French Bulldog Card with Tie - Pets Grooming - Peluquer\u00eda Canina - Chuchos-Chic","description":"French Bulldog Card with Tie","robots":{"index":"index","follow":"follow","max-snippet":"max-snippet:-1","max-image-preview":"max-image-preview:large","max-video-preview":"max-video-preview:-1"},"canonical":"https:\/\/chuchos-chic.com\/en\/product\/horizontal-sign-my-labrador-lives-here-copia\/","og_locale":"en_US","og_type":"article","og_title":"French Bulldog Card with Tie - Pets Grooming - Peluquer\u00eda Canina - Chuchos-Chic","og_description":"French Bulldog Card with Tie","og_url":"https:\/\/chuchos-chic.com\/en\/product\/horizontal-sign-my-labrador-lives-here-copia\/","og_site_name":"Pets Grooming - Peluquer\u00eda Canina - Chuchos-Chic","article_publisher":"https:\/\/www.facebook.com\/ChuchosChic","og_image":[{"width":1500,"height":1500,"url":"https:\/\/chuchos-chic.com\/wp-content\/uploads\/2025\/05\/Tarjeta_Bulldog_Frances_con_Corbata_15_x_15_cm_MAGNET_STEEL1.jpg","type":"image\/jpeg"}],"twitter_card":"summary_large_image","twitter_misc":{"Est. reading time":"1 minute"},"schema":{"@context":"https:\/\/schema.org","@graph":[{"@type":"WebPage","@id":"https:\/\/chuchos-chic.com\/en\/product\/horizontal-sign-my-labrador-lives-here-copia\/","url":"https:\/\/chuchos-chic.com\/en\/product\/horizontal-sign-my-labrador-lives-here-copia\/","name":"French Bulldog Card with Tie - Pets Grooming - Peluquer\u00eda Canina - Chuchos-Chic","isPartOf":{"@id":"https:\/\/chuchos-chic.com\/en\/#website"},"primaryImageOfPage":{"@id":"https:\/\/chuchos-chic.com\/en\/product\/horizontal-sign-my-labrador-lives-here-copia\/#primaryimage"},"image":{"@id":"https:\/\/chuchos-chic.com\/en\/product\/horizontal-sign-my-labrador-lives-here-copia\/#primaryimage"},"thumbnailUrl":"https:\/\/chuchos-chic.com\/wp-content\/uploads\/2025\/05\/Tarjeta_Bulldog_Frances_con_Corbata_15_x_15_cm_MAGNET_STEEL1.jpg","datePublished":"2025-09-05T22:06:05+00:00","description":"French Bulldog Card with Tie","breadcrumb":{"@id":"https:\/\/chuchos-chic.com\/en\/product\/horizontal-sign-my-labrador-lives-here-copia\/#breadcrumb"},"inLanguage":"en-US","potentialAction":[{"@type":"ReadAction","target":["https:\/\/chuchos-chic.com\/en\/product\/horizontal-sign-my-labrador-lives-here-copia\/"]}]},{"@type":"ImageObject","inLanguage":"en-US","@id":"https:\/\/chuchos-chic.com\/en\/product\/horizontal-sign-my-labrador-lives-here-copia\/#primaryimage","url":"https:\/\/chuchos-chic.com\/wp-content\/uploads\/2025\/05\/Tarjeta_Bulldog_Frances_con_Corbata_15_x_15_cm_MAGNET_STEEL1.jpg","contentUrl":"https:\/\/chuchos-chic.com\/wp-content\/uploads\/2025\/05\/Tarjeta_Bulldog_Frances_con_Corbata_15_x_15_cm_MAGNET_STEEL1.jpg","width":1500,"height":1500,"caption":"Tarjeta Bulldog Franc\u00e9s con Corbata"},{"@type":"BreadcrumbList","@id":"https:\/\/chuchos-chic.com\/en\/product\/horizontal-sign-my-labrador-lives-here-copia\/#breadcrumb","itemListElement":[{"@type":"ListItem","position":1,"name":"Portada","item":"https:\/\/chuchos-chic.com\/en\/"},{"@type":"ListItem","position":2,"name":"Tienda","item":"https:\/\/chuchos-chic.com\/en\/shop\/"},{"@type":"ListItem","position":3,"name":"French Bulldog Card with Tie"}]},{"@type":"WebSite","@id":"https:\/\/chuchos-chic.com\/en\/#website","url":"https:\/\/chuchos-chic.com\/en\/","name":"Pets Grooming - Peluquer\u00eda Canina - Chuchos-Chic","description":"Pets Grooming &amp; Shop - Peluquer\u00eda Canina - Moj\u00e1car Almeria","publisher":{"@id":"https:\/\/chuchos-chic.com\/en\/#organization"},"alternateName":"Pets Grooming - Peluquer\u00eda Canina - Chuchos-Chic","potentialAction":[{"@type":"SearchAction","target":{"@type":"EntryPoint","urlTemplate":"https:\/\/chuchos-chic.com\/en\/?s={search_term_string}"},"query-input":{"@type":"PropertyValueSpecification","valueRequired":true,"valueName":"search_term_string"}}],"inLanguage":"en-US"},{"@type":"Organization","@id":"https:\/\/chuchos-chic.com\/en\/#organization","name":"Pets Grooming - Peluquer\u00eda Canina - Chuchos-Chic","alternateName":"Pets Grooming - Peluquer\u00eda Canina - Chuchos-Chic","url":"https:\/\/chuchos-chic.com\/en\/","logo":{"@type":"ImageObject","inLanguage":"en-US","@id":"https:\/\/chuchos-chic.com\/en\/#\/schema\/logo\/image\/","url":"https:\/\/chuchos-chic.com\/wp-content\/uploads\/2024\/03\/Tarjeta_ChuchosChic.png","contentUrl":"https:\/\/chuchos-chic.com\/wp-content\/uploads\/2024\/03\/Tarjeta_ChuchosChic.png","width":725,"height":450,"caption":"Pets Grooming - Peluquer\u00eda Canina - Chuchos-Chic"},"image":{"@id":"https:\/\/chuchos-chic.com\/en\/#\/schema\/logo\/image\/"},"sameAs":["https:\/\/www.facebook.com\/ChuchosChic"]}]}},"_links":{"self":[{"href":"https:\/\/chuchos-chic.com\/en\/wp-json\/wp\/v2\/product\/1791","targetHints":{"allow":["GET"]}}],"collection":[{"href":"https:\/\/chuchos-chic.com\/en\/wp-json\/wp\/v2\/product"}],"about":[{"href":"https:\/\/chuchos-chic.com\/en\/wp-json\/wp\/v2\/types\/product"}],"replies":[{"embeddable":true,"href":"https:\/\/chuchos-chic.com\/en\/wp-json\/wp\/v2\/comments?post=1791"}],"wp:featuredmedia":[{"embeddable":true,"href":"https:\/\/chuchos-chic.com\/en\/wp-json\/wp\/v2\/media\/1794"}],"wp:attachment":[{"href":"https:\/\/chuchos-chic.com\/en\/wp-json\/wp\/v2\/media?parent=1791"}],"wp:term":[{"taxonomy":"product_brand","embeddable":true,"href":"https:\/\/chuchos-chic.com\/en\/wp-json\/wp\/v2\/product_brand?post=1791"},{"taxonomy":"product_cat","embeddable":true,"href":"https:\/\/chuchos-chic.com\/en\/wp-json\/wp\/v2\/product_cat?post=1791"},{"taxonomy":"product_tag","embeddable":true,"href":"https:\/\/chuchos-chic.com\/en\/wp-json\/wp\/v2\/product_tag?post=1791"}],"curies":[{"name":"wp","href":"https:\/\/api.w.org\/{rel}","templated":true}]}}