{"id":1778,"date":"2025-08-18T00:34:34","date_gmt":"2025-08-17T22:34:34","guid":{"rendered":"https:\/\/chuchos-chic.com\/?post_type=product&#038;p=1778"},"modified":"2025-07-06T11:10:06","modified_gmt":"2025-07-06T09:10:06","slug":"magnetic-bone-sign-i-love-my-pastor-aleman-i-love-my-german-shepherd-copia","status":"publish","type":"product","link":"https:\/\/chuchos-chic.com\/en\/product\/magnetic-bone-sign-i-love-my-pastor-aleman-i-love-my-german-shepherd-copia\/","title":{"rendered":"My POMERANIAN Live here &#8211; sign"},"content":{"rendered":"<p>My POMERANIAN Live here &#8211; Sign<\/p>\n<p>Printed with colorfast inks on weather-resistant polypropylene.<br \/>\nPerfect for indoor and outdoor use.<br \/>\nEasy to place on any surface, maximum visibility.<br \/>\nMeasurements: 14.8 x 21 cm. (A5)<\/p>\n<p>Wide range with more than 100 different models.<\/p>\n","protected":false},"excerpt":{"rendered":"<p>My POMERANIAN Live here &#8211; Sign<\/p>\n<p>Printed with colorfast inks on weather-resistant polypropylene.<br \/>\nPerfect for indoor and outdoor use.<br \/>\nEasy to place on any surface, maximum visibility.<br \/>\nMeasurements: 14.8 x 21 cm.<\/p>\n<p>Wide range with more than 100 different models.<\/p>\n","protected":false},"featured_media":1781,"comment_status":"open","ping_status":"closed","template":"","meta":[],"product_brand":[273],"product_cat":[84,123,565],"product_tag":[281,280,125,282,289],"class_list":{"0":"post-1778","1":"product","2":"type-product","3":"status-publish","4":"has-post-thumbnail","6":"product_brand-magnet-sttel","7":"product_cat-all-categories","8":"product_cat-dog-products-online-pet-store","9":"product_cat-cards-gifts","10":"product_tag-decorative-magnet","11":"product_tag-dog-accessories","12":"product_tag-dogs-en-2","13":"product_tag-love-for-dogs","14":"product_tag-pomeranian","16":"first","17":"instock","18":"taxable","19":"shipping-taxable","20":"purchasable","21":"product-type-simple"},"yoast_head":"<!-- This site is optimized with the Yoast SEO plugin v26.7 - https:\/\/yoast.com\/wordpress\/plugins\/seo\/ -->\n<title>My POMERANIAN Live here - sign - Pets Grooming - Peluquer\u00eda Canina - Chuchos-Chic<\/title>\n<meta name=\"description\" content=\"My POMERANIAN Live here - sign\" \/>\n<meta name=\"robots\" content=\"index, follow, max-snippet:-1, max-image-preview:large, max-video-preview:-1\" \/>\n<link rel=\"canonical\" href=\"https:\/\/chuchos-chic.com\/en\/product\/magnetic-bone-sign-i-love-my-pastor-aleman-i-love-my-german-shepherd-copia\/\" \/>\n<meta property=\"og:locale\" content=\"en_US\" \/>\n<meta property=\"og:type\" content=\"article\" \/>\n<meta property=\"og:title\" content=\"My POMERANIAN Live here - sign - Pets Grooming - Peluquer\u00eda Canina - Chuchos-Chic\" \/>\n<meta property=\"og:description\" content=\"My POMERANIAN Live here - sign\" \/>\n<meta property=\"og:url\" content=\"https:\/\/chuchos-chic.com\/en\/product\/magnetic-bone-sign-i-love-my-pastor-aleman-i-love-my-german-shepherd-copia\/\" \/>\n<meta property=\"og:site_name\" content=\"Pets Grooming - Peluquer\u00eda Canina - Chuchos-Chic\" \/>\n<meta property=\"article:publisher\" content=\"https:\/\/www.facebook.com\/ChuchosChic\" \/>\n<meta property=\"og:image\" content=\"https:\/\/chuchos-chic.com\/wp-content\/uploads\/2025\/05\/Senal_A5_Pomeranian_-_Lives_Here_14_8_x_21_cm_MAGNET_STEEL1.jpg\" \/>\n\t<meta property=\"og:image:width\" content=\"1500\" \/>\n\t<meta property=\"og:image:height\" content=\"1500\" \/>\n\t<meta property=\"og:image:type\" content=\"image\/jpeg\" \/>\n<meta name=\"twitter:card\" content=\"summary_large_image\" \/>\n<meta name=\"twitter:label1\" content=\"Est. reading time\" \/>\n\t<meta name=\"twitter:data1\" content=\"1 minute\" \/>\n<script type=\"application\/ld+json\" class=\"yoast-schema-graph\">{\"@context\":\"https:\/\/schema.org\",\"@graph\":[{\"@type\":\"WebPage\",\"@id\":\"https:\/\/chuchos-chic.com\/en\/product\/magnetic-bone-sign-i-love-my-pastor-aleman-i-love-my-german-shepherd-copia\/\",\"url\":\"https:\/\/chuchos-chic.com\/en\/product\/magnetic-bone-sign-i-love-my-pastor-aleman-i-love-my-german-shepherd-copia\/\",\"name\":\"My POMERANIAN Live here - sign - Pets Grooming - Peluquer\u00eda Canina - Chuchos-Chic\",\"isPartOf\":{\"@id\":\"https:\/\/chuchos-chic.com\/en\/#website\"},\"primaryImageOfPage\":{\"@id\":\"https:\/\/chuchos-chic.com\/en\/product\/magnetic-bone-sign-i-love-my-pastor-aleman-i-love-my-german-shepherd-copia\/#primaryimage\"},\"image\":{\"@id\":\"https:\/\/chuchos-chic.com\/en\/product\/magnetic-bone-sign-i-love-my-pastor-aleman-i-love-my-german-shepherd-copia\/#primaryimage\"},\"thumbnailUrl\":\"https:\/\/chuchos-chic.com\/wp-content\/uploads\/2025\/05\/Senal_A5_Pomeranian_-_Lives_Here_14_8_x_21_cm_MAGNET_STEEL1.jpg\",\"datePublished\":\"2025-08-17T22:34:34+00:00\",\"description\":\"My POMERANIAN Live here - sign\",\"breadcrumb\":{\"@id\":\"https:\/\/chuchos-chic.com\/en\/product\/magnetic-bone-sign-i-love-my-pastor-aleman-i-love-my-german-shepherd-copia\/#breadcrumb\"},\"inLanguage\":\"en-US\",\"potentialAction\":[{\"@type\":\"ReadAction\",\"target\":[\"https:\/\/chuchos-chic.com\/en\/product\/magnetic-bone-sign-i-love-my-pastor-aleman-i-love-my-german-shepherd-copia\/\"]}]},{\"@type\":\"ImageObject\",\"inLanguage\":\"en-US\",\"@id\":\"https:\/\/chuchos-chic.com\/en\/product\/magnetic-bone-sign-i-love-my-pastor-aleman-i-love-my-german-shepherd-copia\/#primaryimage\",\"url\":\"https:\/\/chuchos-chic.com\/wp-content\/uploads\/2025\/05\/Senal_A5_Pomeranian_-_Lives_Here_14_8_x_21_cm_MAGNET_STEEL1.jpg\",\"contentUrl\":\"https:\/\/chuchos-chic.com\/wp-content\/uploads\/2025\/05\/Senal_A5_Pomeranian_-_Lives_Here_14_8_x_21_cm_MAGNET_STEEL1.jpg\",\"width\":1500,\"height\":1500,\"caption\":\"Se\u00f1al My POMERANIAN Live here\"},{\"@type\":\"BreadcrumbList\",\"@id\":\"https:\/\/chuchos-chic.com\/en\/product\/magnetic-bone-sign-i-love-my-pastor-aleman-i-love-my-german-shepherd-copia\/#breadcrumb\",\"itemListElement\":[{\"@type\":\"ListItem\",\"position\":1,\"name\":\"Portada\",\"item\":\"https:\/\/chuchos-chic.com\/en\/\"},{\"@type\":\"ListItem\",\"position\":2,\"name\":\"Tienda\",\"item\":\"https:\/\/chuchos-chic.com\/en\/shop\/\"},{\"@type\":\"ListItem\",\"position\":3,\"name\":\"My POMERANIAN Live here &#8211; sign\"}]},{\"@type\":\"WebSite\",\"@id\":\"https:\/\/chuchos-chic.com\/en\/#website\",\"url\":\"https:\/\/chuchos-chic.com\/en\/\",\"name\":\"Pets Grooming - Peluquer\u00eda Canina - Chuchos-Chic\",\"description\":\"Pets Grooming &amp; Shop - Peluquer\u00eda Canina - Moj\u00e1car Almeria\",\"publisher\":{\"@id\":\"https:\/\/chuchos-chic.com\/en\/#organization\"},\"alternateName\":\"Pets Grooming - Peluquer\u00eda Canina - Chuchos-Chic\",\"potentialAction\":[{\"@type\":\"SearchAction\",\"target\":{\"@type\":\"EntryPoint\",\"urlTemplate\":\"https:\/\/chuchos-chic.com\/en\/?s={search_term_string}\"},\"query-input\":{\"@type\":\"PropertyValueSpecification\",\"valueRequired\":true,\"valueName\":\"search_term_string\"}}],\"inLanguage\":\"en-US\"},{\"@type\":\"Organization\",\"@id\":\"https:\/\/chuchos-chic.com\/en\/#organization\",\"name\":\"Pets Grooming - Peluquer\u00eda Canina - Chuchos-Chic\",\"alternateName\":\"Pets Grooming - Peluquer\u00eda Canina - Chuchos-Chic\",\"url\":\"https:\/\/chuchos-chic.com\/en\/\",\"logo\":{\"@type\":\"ImageObject\",\"inLanguage\":\"en-US\",\"@id\":\"https:\/\/chuchos-chic.com\/en\/#\/schema\/logo\/image\/\",\"url\":\"https:\/\/chuchos-chic.com\/wp-content\/uploads\/2024\/03\/Tarjeta_ChuchosChic.png\",\"contentUrl\":\"https:\/\/chuchos-chic.com\/wp-content\/uploads\/2024\/03\/Tarjeta_ChuchosChic.png\",\"width\":725,\"height\":450,\"caption\":\"Pets Grooming - Peluquer\u00eda Canina - Chuchos-Chic\"},\"image\":{\"@id\":\"https:\/\/chuchos-chic.com\/en\/#\/schema\/logo\/image\/\"},\"sameAs\":[\"https:\/\/www.facebook.com\/ChuchosChic\"]}]}<\/script>\n<!-- \/ Yoast SEO plugin. -->","yoast_head_json":{"title":"My POMERANIAN Live here - sign - Pets Grooming - Peluquer\u00eda Canina - Chuchos-Chic","description":"My POMERANIAN Live here - sign","robots":{"index":"index","follow":"follow","max-snippet":"max-snippet:-1","max-image-preview":"max-image-preview:large","max-video-preview":"max-video-preview:-1"},"canonical":"https:\/\/chuchos-chic.com\/en\/product\/magnetic-bone-sign-i-love-my-pastor-aleman-i-love-my-german-shepherd-copia\/","og_locale":"en_US","og_type":"article","og_title":"My POMERANIAN Live here - sign - Pets Grooming - Peluquer\u00eda Canina - Chuchos-Chic","og_description":"My POMERANIAN Live here - sign","og_url":"https:\/\/chuchos-chic.com\/en\/product\/magnetic-bone-sign-i-love-my-pastor-aleman-i-love-my-german-shepherd-copia\/","og_site_name":"Pets Grooming - Peluquer\u00eda Canina - Chuchos-Chic","article_publisher":"https:\/\/www.facebook.com\/ChuchosChic","og_image":[{"width":1500,"height":1500,"url":"https:\/\/chuchos-chic.com\/wp-content\/uploads\/2025\/05\/Senal_A5_Pomeranian_-_Lives_Here_14_8_x_21_cm_MAGNET_STEEL1.jpg","type":"image\/jpeg"}],"twitter_card":"summary_large_image","twitter_misc":{"Est. reading time":"1 minute"},"schema":{"@context":"https:\/\/schema.org","@graph":[{"@type":"WebPage","@id":"https:\/\/chuchos-chic.com\/en\/product\/magnetic-bone-sign-i-love-my-pastor-aleman-i-love-my-german-shepherd-copia\/","url":"https:\/\/chuchos-chic.com\/en\/product\/magnetic-bone-sign-i-love-my-pastor-aleman-i-love-my-german-shepherd-copia\/","name":"My POMERANIAN Live here - sign - Pets Grooming - Peluquer\u00eda Canina - Chuchos-Chic","isPartOf":{"@id":"https:\/\/chuchos-chic.com\/en\/#website"},"primaryImageOfPage":{"@id":"https:\/\/chuchos-chic.com\/en\/product\/magnetic-bone-sign-i-love-my-pastor-aleman-i-love-my-german-shepherd-copia\/#primaryimage"},"image":{"@id":"https:\/\/chuchos-chic.com\/en\/product\/magnetic-bone-sign-i-love-my-pastor-aleman-i-love-my-german-shepherd-copia\/#primaryimage"},"thumbnailUrl":"https:\/\/chuchos-chic.com\/wp-content\/uploads\/2025\/05\/Senal_A5_Pomeranian_-_Lives_Here_14_8_x_21_cm_MAGNET_STEEL1.jpg","datePublished":"2025-08-17T22:34:34+00:00","description":"My POMERANIAN Live here - sign","breadcrumb":{"@id":"https:\/\/chuchos-chic.com\/en\/product\/magnetic-bone-sign-i-love-my-pastor-aleman-i-love-my-german-shepherd-copia\/#breadcrumb"},"inLanguage":"en-US","potentialAction":[{"@type":"ReadAction","target":["https:\/\/chuchos-chic.com\/en\/product\/magnetic-bone-sign-i-love-my-pastor-aleman-i-love-my-german-shepherd-copia\/"]}]},{"@type":"ImageObject","inLanguage":"en-US","@id":"https:\/\/chuchos-chic.com\/en\/product\/magnetic-bone-sign-i-love-my-pastor-aleman-i-love-my-german-shepherd-copia\/#primaryimage","url":"https:\/\/chuchos-chic.com\/wp-content\/uploads\/2025\/05\/Senal_A5_Pomeranian_-_Lives_Here_14_8_x_21_cm_MAGNET_STEEL1.jpg","contentUrl":"https:\/\/chuchos-chic.com\/wp-content\/uploads\/2025\/05\/Senal_A5_Pomeranian_-_Lives_Here_14_8_x_21_cm_MAGNET_STEEL1.jpg","width":1500,"height":1500,"caption":"Se\u00f1al My POMERANIAN Live here"},{"@type":"BreadcrumbList","@id":"https:\/\/chuchos-chic.com\/en\/product\/magnetic-bone-sign-i-love-my-pastor-aleman-i-love-my-german-shepherd-copia\/#breadcrumb","itemListElement":[{"@type":"ListItem","position":1,"name":"Portada","item":"https:\/\/chuchos-chic.com\/en\/"},{"@type":"ListItem","position":2,"name":"Tienda","item":"https:\/\/chuchos-chic.com\/en\/shop\/"},{"@type":"ListItem","position":3,"name":"My POMERANIAN Live here &#8211; sign"}]},{"@type":"WebSite","@id":"https:\/\/chuchos-chic.com\/en\/#website","url":"https:\/\/chuchos-chic.com\/en\/","name":"Pets Grooming - Peluquer\u00eda Canina - Chuchos-Chic","description":"Pets Grooming &amp; Shop - Peluquer\u00eda Canina - Moj\u00e1car Almeria","publisher":{"@id":"https:\/\/chuchos-chic.com\/en\/#organization"},"alternateName":"Pets Grooming - Peluquer\u00eda Canina - Chuchos-Chic","potentialAction":[{"@type":"SearchAction","target":{"@type":"EntryPoint","urlTemplate":"https:\/\/chuchos-chic.com\/en\/?s={search_term_string}"},"query-input":{"@type":"PropertyValueSpecification","valueRequired":true,"valueName":"search_term_string"}}],"inLanguage":"en-US"},{"@type":"Organization","@id":"https:\/\/chuchos-chic.com\/en\/#organization","name":"Pets Grooming - Peluquer\u00eda Canina - Chuchos-Chic","alternateName":"Pets Grooming - Peluquer\u00eda Canina - Chuchos-Chic","url":"https:\/\/chuchos-chic.com\/en\/","logo":{"@type":"ImageObject","inLanguage":"en-US","@id":"https:\/\/chuchos-chic.com\/en\/#\/schema\/logo\/image\/","url":"https:\/\/chuchos-chic.com\/wp-content\/uploads\/2024\/03\/Tarjeta_ChuchosChic.png","contentUrl":"https:\/\/chuchos-chic.com\/wp-content\/uploads\/2024\/03\/Tarjeta_ChuchosChic.png","width":725,"height":450,"caption":"Pets Grooming - Peluquer\u00eda Canina - Chuchos-Chic"},"image":{"@id":"https:\/\/chuchos-chic.com\/en\/#\/schema\/logo\/image\/"},"sameAs":["https:\/\/www.facebook.com\/ChuchosChic"]}]}},"_links":{"self":[{"href":"https:\/\/chuchos-chic.com\/en\/wp-json\/wp\/v2\/product\/1778","targetHints":{"allow":["GET"]}}],"collection":[{"href":"https:\/\/chuchos-chic.com\/en\/wp-json\/wp\/v2\/product"}],"about":[{"href":"https:\/\/chuchos-chic.com\/en\/wp-json\/wp\/v2\/types\/product"}],"replies":[{"embeddable":true,"href":"https:\/\/chuchos-chic.com\/en\/wp-json\/wp\/v2\/comments?post=1778"}],"wp:featuredmedia":[{"embeddable":true,"href":"https:\/\/chuchos-chic.com\/en\/wp-json\/wp\/v2\/media\/1781"}],"wp:attachment":[{"href":"https:\/\/chuchos-chic.com\/en\/wp-json\/wp\/v2\/media?parent=1778"}],"wp:term":[{"taxonomy":"product_brand","embeddable":true,"href":"https:\/\/chuchos-chic.com\/en\/wp-json\/wp\/v2\/product_brand?post=1778"},{"taxonomy":"product_cat","embeddable":true,"href":"https:\/\/chuchos-chic.com\/en\/wp-json\/wp\/v2\/product_cat?post=1778"},{"taxonomy":"product_tag","embeddable":true,"href":"https:\/\/chuchos-chic.com\/en\/wp-json\/wp\/v2\/product_tag?post=1778"}],"curies":[{"name":"wp","href":"https:\/\/api.w.org\/{rel}","templated":true}]}}