{"id":1565,"date":"2025-08-09T00:57:56","date_gmt":"2025-08-08T22:57:56","guid":{"rendered":"https:\/\/chuchos-chic.com\/?post_type=product&#038;p=1565"},"modified":"2025-06-02T06:32:47","modified_gmt":"2025-06-02T04:32:47","slug":"canna3-hemp-tablets","status":"publish","type":"product","link":"https:\/\/chuchos-chic.com\/en\/product\/canna3-hemp-tablets\/","title":{"rendered":"CANNA3 Hemp Tablets"},"content":{"rendered":"<p>Complementary food with hemp flour recommended as nutritional support indicated for cats and dogs.<\/p>\n<p>Hemp: Hemp is a variety of Cannabis sativa, which comes only from the stems of the plant and is suitable for animal feed.<br \/>\nIt is rich in nutrients that promote animal health: phytocannabinoids, fatty acids, proteins and minerals, among others. Omega 3: Fish oil is one of the best sources of omega 3 fatty acids, mainly EPA and DHA. These essential fatty acids promote optimal cognitive, cardiovascular, and joint health.<br \/>\nMedium-chain triglycerides: MCTs are a fraction of coconut oil that is used as an energy source. They are key to cognitive and brain health, especially in elderly pets.<br \/>\nMSM (Methylsufonylmethane) Enhances the effects of the formula: as an anti-inflammatory joint, improvement of skin and hair quality, allergies, intestinal inflammation, gastritis.   <\/p>\n<p><strong>CANNA3 Hemp Tablets<\/strong> is a natural supplement designed to improve the well-being of your pets. Made from high-quality hemp extract, these tablets are packed with beneficial properties thanks to their rich content of essential fatty acids, such as Omega-3 and Omega-6, and non-psychoactive cannabinoids that support overall health. <\/p>\n<p><strong>Key Benefits<\/strong>:<\/p>\n<ul>\n<li><strong>Stress and anxiety reduction<\/strong>: Ideal for pets dealing with stressful situations, such as travel, vet visits, or loud noises.<\/li>\n<li><strong>Joint and muscle support<\/strong>: Helps relieve inflammation and pain associated with age or injury.<\/li>\n<li><strong>Strengthening of the immune system<\/strong>: Its natural components contribute to an optimal defense of the body.<\/li>\n<li><strong>Healthy coat and skin<\/strong>: Thanks to fatty acids, it promotes a shiny coat and hydrated skin.<\/li>\n<li><strong>Soothing effect<\/strong>: Provides tranquility without affecting the vitality of your furry friends.<\/li>\n<\/ul>\n<p>This supplement is suitable for dogs and cats of all ages. It does not contain psychoactive components, guaranteeing 100% safety and well-being. Because your pets deserve the best!  <\/p>\n","protected":false},"excerpt":{"rendered":"<p>Complementary food with hemp flour recommended as nutritional support indicated for cats and dogs.<\/p>\n<p>Hemp: Hemp is a variety of Cannabis sativa, which comes only from the stems of the plant and is suitable for animal feed.<br \/>\nIt is rich in nutrients that promote animal health: phytocannabinoids, fatty acids, proteins and minerals, among others. Omega 3: Fish oil is one of the best sources of omega 3 fatty acids, mainly EPA and DHA. These essential fatty acids promote optimal cognitive, cardiovascular, and joint health.<br \/>\nMedium-chain triglycerides: MCTs are a fraction of coconut oil that is used as an energy source. They are key to cognitive and brain health, especially in elderly pets.<br \/>\nMSM (Methylsufonylmethane) Enhances the effects of the formula: as an anti-inflammatory joint, improvement of skin and hair quality, allergies, intestinal inflammation, gastritis.   <\/p>\n<p><strong>CANNA3 Hemp Tablets<\/strong> is a natural supplement designed to improve the well-being of your pets. Made from high-quality hemp extract, these tablets are packed with beneficial properties thanks to their rich content of essential fatty acids, such as Omega-3 and Omega-6, and non-psychoactive cannabinoids that support overall health. <\/p>\n<p><strong>Key Benefits<\/strong>:<\/p>\n<ul>\n<li><strong>Stress and anxiety reduction<\/strong>: Ideal for pets dealing with stressful situations, such as travel, vet visits, or loud noises.<\/li>\n<li><strong>Joint and muscle support<\/strong>: Helps relieve inflammation and pain associated with age or injury.<\/li>\n<li><strong>Strengthening of the immune system<\/strong>: Its natural components contribute to an optimal defense of the body.<\/li>\n<li><strong>Healthy coat and skin<\/strong>: Thanks to fatty acids, it promotes a shiny coat and hydrated skin.<\/li>\n<li><strong>Soothing effect<\/strong>: Provides tranquility without affecting the vitality of your furry friends.<\/li>\n<\/ul>\n<p>This supplement is suitable for dogs and cats of all ages. It does not contain psychoactive components, guaranteeing 100% safety and well-being. Because your pets deserve the best!  <\/p>\n","protected":false},"featured_media":1568,"comment_status":"open","ping_status":"closed","template":"","meta":[],"product_brand":[160],"product_cat":[84,123,109,174,161],"product_tag":[162,182,111,125,175,186,188,184,163],"class_list":{"0":"post-1565","1":"product","2":"type-product","3":"status-publish","4":"has-post-thumbnail","6":"product_brand-supple-pets","7":"product_cat-all-categories","8":"product_cat-dog-products-online-pet-store","9":"product_cat-cats","10":"product_cat-small-animal-grooming-supplies","11":"product_cat-supplements","12":"product_tag-supplements","13":"product_tag-animal-welfare","14":"product_tag-cats-en","15":"product_tag-dogs-en-2","16":"product_tag-joint-mobility","17":"product_tag-joint-supoort","18":"product_tag-canamo-natural-en","19":"product_tag-calming-effect","20":"product_tag-supplements-en","22":"first","23":"instock","24":"taxable","25":"shipping-taxable","26":"purchasable","27":"product-type-simple"},"yoast_head":"<!-- This site is optimized with the Yoast SEO plugin v26.7 - https:\/\/yoast.com\/wordpress\/plugins\/seo\/ -->\n<title>CANNA3 Hemp Tablets - Pets Grooming - Peluquer\u00eda Canina - Chuchos-Chic<\/title>\n<meta name=\"description\" content=\"CANNA3 Hemp Tablets\" \/>\n<meta name=\"robots\" content=\"index, follow, max-snippet:-1, max-image-preview:large, max-video-preview:-1\" \/>\n<link rel=\"canonical\" href=\"https:\/\/chuchos-chic.com\/en\/product\/canna3-hemp-tablets\/\" \/>\n<meta property=\"og:locale\" content=\"en_US\" \/>\n<meta property=\"og:type\" content=\"article\" \/>\n<meta property=\"og:title\" content=\"CANNA3 Hemp Tablets - Pets Grooming - Peluquer\u00eda Canina - Chuchos-Chic\" \/>\n<meta property=\"og:description\" content=\"CANNA3 Hemp Tablets\" \/>\n<meta property=\"og:url\" content=\"https:\/\/chuchos-chic.com\/en\/product\/canna3-hemp-tablets\/\" \/>\n<meta property=\"og:site_name\" content=\"Pets Grooming - Peluquer\u00eda Canina - Chuchos-Chic\" \/>\n<meta property=\"article:publisher\" content=\"https:\/\/www.facebook.com\/ChuchosChic\" \/>\n<meta property=\"og:image\" content=\"https:\/\/chuchos-chic.com\/wp-content\/uploads\/2025\/04\/SP006ESIT-SP006PTFR_202403181837531.jpg\" \/>\n\t<meta property=\"og:image:width\" content=\"2200\" \/>\n\t<meta property=\"og:image:height\" content=\"1467\" \/>\n\t<meta property=\"og:image:type\" content=\"image\/jpeg\" \/>\n<meta name=\"twitter:card\" content=\"summary_large_image\" \/>\n<meta name=\"twitter:label1\" content=\"Est. reading time\" \/>\n\t<meta name=\"twitter:data1\" content=\"2 minutes\" \/>\n<script type=\"application\/ld+json\" class=\"yoast-schema-graph\">{\"@context\":\"https:\/\/schema.org\",\"@graph\":[{\"@type\":\"WebPage\",\"@id\":\"https:\/\/chuchos-chic.com\/en\/product\/canna3-hemp-tablets\/\",\"url\":\"https:\/\/chuchos-chic.com\/en\/product\/canna3-hemp-tablets\/\",\"name\":\"CANNA3 Hemp Tablets - Pets Grooming - Peluquer\u00eda Canina - Chuchos-Chic\",\"isPartOf\":{\"@id\":\"https:\/\/chuchos-chic.com\/en\/#website\"},\"primaryImageOfPage\":{\"@id\":\"https:\/\/chuchos-chic.com\/en\/product\/canna3-hemp-tablets\/#primaryimage\"},\"image\":{\"@id\":\"https:\/\/chuchos-chic.com\/en\/product\/canna3-hemp-tablets\/#primaryimage\"},\"thumbnailUrl\":\"https:\/\/chuchos-chic.com\/wp-content\/uploads\/2025\/04\/SP006ESIT-SP006PTFR_202403181837531.jpg\",\"datePublished\":\"2025-08-08T22:57:56+00:00\",\"description\":\"CANNA3 Hemp Tablets\",\"breadcrumb\":{\"@id\":\"https:\/\/chuchos-chic.com\/en\/product\/canna3-hemp-tablets\/#breadcrumb\"},\"inLanguage\":\"en-US\",\"potentialAction\":[{\"@type\":\"ReadAction\",\"target\":[\"https:\/\/chuchos-chic.com\/en\/product\/canna3-hemp-tablets\/\"]}]},{\"@type\":\"ImageObject\",\"inLanguage\":\"en-US\",\"@id\":\"https:\/\/chuchos-chic.com\/en\/product\/canna3-hemp-tablets\/#primaryimage\",\"url\":\"https:\/\/chuchos-chic.com\/wp-content\/uploads\/2025\/04\/SP006ESIT-SP006PTFR_202403181837531.jpg\",\"contentUrl\":\"https:\/\/chuchos-chic.com\/wp-content\/uploads\/2025\/04\/SP006ESIT-SP006PTFR_202403181837531.jpg\",\"width\":2200,\"height\":1467,\"caption\":\"CANNA3 Comprimidos de C\u00e1\u00f1amo\"},{\"@type\":\"BreadcrumbList\",\"@id\":\"https:\/\/chuchos-chic.com\/en\/product\/canna3-hemp-tablets\/#breadcrumb\",\"itemListElement\":[{\"@type\":\"ListItem\",\"position\":1,\"name\":\"Portada\",\"item\":\"https:\/\/chuchos-chic.com\/en\/\"},{\"@type\":\"ListItem\",\"position\":2,\"name\":\"Tienda\",\"item\":\"https:\/\/chuchos-chic.com\/en\/shop\/\"},{\"@type\":\"ListItem\",\"position\":3,\"name\":\"CANNA3 Hemp Tablets\"}]},{\"@type\":\"WebSite\",\"@id\":\"https:\/\/chuchos-chic.com\/en\/#website\",\"url\":\"https:\/\/chuchos-chic.com\/en\/\",\"name\":\"Pets Grooming - Peluquer\u00eda Canina - Chuchos-Chic\",\"description\":\"Pets Grooming &amp; Shop - Peluquer\u00eda Canina - Moj\u00e1car Almeria\",\"publisher\":{\"@id\":\"https:\/\/chuchos-chic.com\/en\/#organization\"},\"alternateName\":\"Pets Grooming - Peluquer\u00eda Canina - Chuchos-Chic\",\"potentialAction\":[{\"@type\":\"SearchAction\",\"target\":{\"@type\":\"EntryPoint\",\"urlTemplate\":\"https:\/\/chuchos-chic.com\/en\/?s={search_term_string}\"},\"query-input\":{\"@type\":\"PropertyValueSpecification\",\"valueRequired\":true,\"valueName\":\"search_term_string\"}}],\"inLanguage\":\"en-US\"},{\"@type\":\"Organization\",\"@id\":\"https:\/\/chuchos-chic.com\/en\/#organization\",\"name\":\"Pets Grooming - Peluquer\u00eda Canina - Chuchos-Chic\",\"alternateName\":\"Pets Grooming - Peluquer\u00eda Canina - Chuchos-Chic\",\"url\":\"https:\/\/chuchos-chic.com\/en\/\",\"logo\":{\"@type\":\"ImageObject\",\"inLanguage\":\"en-US\",\"@id\":\"https:\/\/chuchos-chic.com\/en\/#\/schema\/logo\/image\/\",\"url\":\"https:\/\/chuchos-chic.com\/wp-content\/uploads\/2024\/03\/Tarjeta_ChuchosChic.png\",\"contentUrl\":\"https:\/\/chuchos-chic.com\/wp-content\/uploads\/2024\/03\/Tarjeta_ChuchosChic.png\",\"width\":725,\"height\":450,\"caption\":\"Pets Grooming - Peluquer\u00eda Canina - Chuchos-Chic\"},\"image\":{\"@id\":\"https:\/\/chuchos-chic.com\/en\/#\/schema\/logo\/image\/\"},\"sameAs\":[\"https:\/\/www.facebook.com\/ChuchosChic\"]}]}<\/script>\n<!-- \/ Yoast SEO plugin. -->","yoast_head_json":{"title":"CANNA3 Hemp Tablets - Pets Grooming - Peluquer\u00eda Canina - Chuchos-Chic","description":"CANNA3 Hemp Tablets","robots":{"index":"index","follow":"follow","max-snippet":"max-snippet:-1","max-image-preview":"max-image-preview:large","max-video-preview":"max-video-preview:-1"},"canonical":"https:\/\/chuchos-chic.com\/en\/product\/canna3-hemp-tablets\/","og_locale":"en_US","og_type":"article","og_title":"CANNA3 Hemp Tablets - Pets Grooming - Peluquer\u00eda Canina - Chuchos-Chic","og_description":"CANNA3 Hemp Tablets","og_url":"https:\/\/chuchos-chic.com\/en\/product\/canna3-hemp-tablets\/","og_site_name":"Pets Grooming - Peluquer\u00eda Canina - Chuchos-Chic","article_publisher":"https:\/\/www.facebook.com\/ChuchosChic","og_image":[{"width":2200,"height":1467,"url":"https:\/\/chuchos-chic.com\/wp-content\/uploads\/2025\/04\/SP006ESIT-SP006PTFR_202403181837531.jpg","type":"image\/jpeg"}],"twitter_card":"summary_large_image","twitter_misc":{"Est. reading time":"2 minutes"},"schema":{"@context":"https:\/\/schema.org","@graph":[{"@type":"WebPage","@id":"https:\/\/chuchos-chic.com\/en\/product\/canna3-hemp-tablets\/","url":"https:\/\/chuchos-chic.com\/en\/product\/canna3-hemp-tablets\/","name":"CANNA3 Hemp Tablets - Pets Grooming - Peluquer\u00eda Canina - Chuchos-Chic","isPartOf":{"@id":"https:\/\/chuchos-chic.com\/en\/#website"},"primaryImageOfPage":{"@id":"https:\/\/chuchos-chic.com\/en\/product\/canna3-hemp-tablets\/#primaryimage"},"image":{"@id":"https:\/\/chuchos-chic.com\/en\/product\/canna3-hemp-tablets\/#primaryimage"},"thumbnailUrl":"https:\/\/chuchos-chic.com\/wp-content\/uploads\/2025\/04\/SP006ESIT-SP006PTFR_202403181837531.jpg","datePublished":"2025-08-08T22:57:56+00:00","description":"CANNA3 Hemp Tablets","breadcrumb":{"@id":"https:\/\/chuchos-chic.com\/en\/product\/canna3-hemp-tablets\/#breadcrumb"},"inLanguage":"en-US","potentialAction":[{"@type":"ReadAction","target":["https:\/\/chuchos-chic.com\/en\/product\/canna3-hemp-tablets\/"]}]},{"@type":"ImageObject","inLanguage":"en-US","@id":"https:\/\/chuchos-chic.com\/en\/product\/canna3-hemp-tablets\/#primaryimage","url":"https:\/\/chuchos-chic.com\/wp-content\/uploads\/2025\/04\/SP006ESIT-SP006PTFR_202403181837531.jpg","contentUrl":"https:\/\/chuchos-chic.com\/wp-content\/uploads\/2025\/04\/SP006ESIT-SP006PTFR_202403181837531.jpg","width":2200,"height":1467,"caption":"CANNA3 Comprimidos de C\u00e1\u00f1amo"},{"@type":"BreadcrumbList","@id":"https:\/\/chuchos-chic.com\/en\/product\/canna3-hemp-tablets\/#breadcrumb","itemListElement":[{"@type":"ListItem","position":1,"name":"Portada","item":"https:\/\/chuchos-chic.com\/en\/"},{"@type":"ListItem","position":2,"name":"Tienda","item":"https:\/\/chuchos-chic.com\/en\/shop\/"},{"@type":"ListItem","position":3,"name":"CANNA3 Hemp Tablets"}]},{"@type":"WebSite","@id":"https:\/\/chuchos-chic.com\/en\/#website","url":"https:\/\/chuchos-chic.com\/en\/","name":"Pets Grooming - Peluquer\u00eda Canina - Chuchos-Chic","description":"Pets Grooming &amp; Shop - Peluquer\u00eda Canina - Moj\u00e1car Almeria","publisher":{"@id":"https:\/\/chuchos-chic.com\/en\/#organization"},"alternateName":"Pets Grooming - Peluquer\u00eda Canina - Chuchos-Chic","potentialAction":[{"@type":"SearchAction","target":{"@type":"EntryPoint","urlTemplate":"https:\/\/chuchos-chic.com\/en\/?s={search_term_string}"},"query-input":{"@type":"PropertyValueSpecification","valueRequired":true,"valueName":"search_term_string"}}],"inLanguage":"en-US"},{"@type":"Organization","@id":"https:\/\/chuchos-chic.com\/en\/#organization","name":"Pets Grooming - Peluquer\u00eda Canina - Chuchos-Chic","alternateName":"Pets Grooming - Peluquer\u00eda Canina - Chuchos-Chic","url":"https:\/\/chuchos-chic.com\/en\/","logo":{"@type":"ImageObject","inLanguage":"en-US","@id":"https:\/\/chuchos-chic.com\/en\/#\/schema\/logo\/image\/","url":"https:\/\/chuchos-chic.com\/wp-content\/uploads\/2024\/03\/Tarjeta_ChuchosChic.png","contentUrl":"https:\/\/chuchos-chic.com\/wp-content\/uploads\/2024\/03\/Tarjeta_ChuchosChic.png","width":725,"height":450,"caption":"Pets Grooming - Peluquer\u00eda Canina - Chuchos-Chic"},"image":{"@id":"https:\/\/chuchos-chic.com\/en\/#\/schema\/logo\/image\/"},"sameAs":["https:\/\/www.facebook.com\/ChuchosChic"]}]}},"_links":{"self":[{"href":"https:\/\/chuchos-chic.com\/en\/wp-json\/wp\/v2\/product\/1565","targetHints":{"allow":["GET"]}}],"collection":[{"href":"https:\/\/chuchos-chic.com\/en\/wp-json\/wp\/v2\/product"}],"about":[{"href":"https:\/\/chuchos-chic.com\/en\/wp-json\/wp\/v2\/types\/product"}],"replies":[{"embeddable":true,"href":"https:\/\/chuchos-chic.com\/en\/wp-json\/wp\/v2\/comments?post=1565"}],"wp:featuredmedia":[{"embeddable":true,"href":"https:\/\/chuchos-chic.com\/en\/wp-json\/wp\/v2\/media\/1568"}],"wp:attachment":[{"href":"https:\/\/chuchos-chic.com\/en\/wp-json\/wp\/v2\/media?parent=1565"}],"wp:term":[{"taxonomy":"product_brand","embeddable":true,"href":"https:\/\/chuchos-chic.com\/en\/wp-json\/wp\/v2\/product_brand?post=1565"},{"taxonomy":"product_cat","embeddable":true,"href":"https:\/\/chuchos-chic.com\/en\/wp-json\/wp\/v2\/product_cat?post=1565"},{"taxonomy":"product_tag","embeddable":true,"href":"https:\/\/chuchos-chic.com\/en\/wp-json\/wp\/v2\/product_tag?post=1565"}],"curies":[{"name":"wp","href":"https:\/\/api.w.org\/{rel}","templated":true}]}}