{"id":1480,"date":"2025-09-30T00:54:29","date_gmt":"2025-09-29T22:54:29","guid":{"rendered":"https:\/\/chuchos-chic.com\/?post_type=product&#038;p=1480"},"modified":"2025-05-13T06:30:48","modified_gmt":"2025-05-13T04:30:48","slug":"car-harness-cat-copia","status":"publish","type":"product","link":"https:\/\/chuchos-chic.com\/en\/product\/car-harness-cat-copia\/","title":{"rendered":"Elephant toy with noise"},"content":{"rendered":"<ul>\n<li>Soft plush with rope (polyester)<br \/>\nwith sound<br \/>\n13 cm<\/li>\n<\/ul>\n","protected":false},"excerpt":{"rendered":"<ul>\n<li>Soft plush with rope (polyester)<br \/>\nwith sound<br \/>\n13 cm<\/li>\n<\/ul>\n<p>Play is the most important activity for fostering the bond between people and pets, but choose the material of the toy you play with carefully. It&#8217;s not only essential for keeping your dog healthy and fit, but also for activating their mental processes, which are crucial for their training. Playing with your dog is so much fun!<\/p>\n","protected":false},"featured_media":1483,"comment_status":"open","ping_status":"closed","template":"","meta":[],"product_brand":[95],"product_cat":[84,123,73],"product_tag":[146,144,145,143],"class_list":{"0":"post-1480","1":"product","2":"type-product","3":"status-publish","4":"has-post-thumbnail","6":"product_brand-trixie-en","7":"product_cat-all-categories","8":"product_cat-dog-products-online-pet-store","9":"product_cat-pet-toys","10":"product_tag-dogs-toys","11":"product_tag-pets","12":"product_tag-stuffed-animals","13":"product_tag-toys-en","15":"first","16":"instock","17":"taxable","18":"shipping-taxable","19":"purchasable","20":"product-type-simple"},"yoast_head":"<!-- This site is optimized with the Yoast SEO plugin v26.7 - https:\/\/yoast.com\/wordpress\/plugins\/seo\/ -->\n<title>Elephant toy with noise - Pets Grooming - Peluquer\u00eda Canina - Chuchos-Chic<\/title>\n<meta name=\"description\" content=\"Elephant Squeaker Toy\" \/>\n<meta name=\"robots\" content=\"index, follow, max-snippet:-1, max-image-preview:large, max-video-preview:-1\" \/>\n<link rel=\"canonical\" href=\"https:\/\/chuchos-chic.com\/en\/product\/car-harness-cat-copia\/\" \/>\n<meta property=\"og:locale\" content=\"en_US\" \/>\n<meta property=\"og:type\" content=\"article\" \/>\n<meta property=\"og:title\" content=\"Elephant toy with noise - Pets Grooming - Peluquer\u00eda Canina - Chuchos-Chic\" \/>\n<meta property=\"og:description\" content=\"Elephant Squeaker Toy\" \/>\n<meta property=\"og:url\" content=\"https:\/\/chuchos-chic.com\/en\/product\/car-harness-cat-copia\/\" \/>\n<meta property=\"og:site_name\" content=\"Pets Grooming - Peluquer\u00eda Canina - Chuchos-Chic\" \/>\n<meta property=\"article:publisher\" content=\"https:\/\/www.facebook.com\/ChuchosChic\" \/>\n<meta property=\"og:image\" content=\"https:\/\/chuchos-chic.com\/wp-content\/uploads\/2025\/03\/Set_de_Animales_de_peluche_Sonido_13_cm_con_Cuerda1.jpg\" \/>\n\t<meta property=\"og:image:width\" content=\"1500\" \/>\n\t<meta property=\"og:image:height\" content=\"1500\" \/>\n\t<meta property=\"og:image:type\" content=\"image\/jpeg\" \/>\n<meta name=\"twitter:card\" content=\"summary_large_image\" \/>\n<meta name=\"twitter:label1\" content=\"Est. reading time\" \/>\n\t<meta name=\"twitter:data1\" content=\"1 minute\" \/>\n<script type=\"application\/ld+json\" class=\"yoast-schema-graph\">{\"@context\":\"https:\/\/schema.org\",\"@graph\":[{\"@type\":\"WebPage\",\"@id\":\"https:\/\/chuchos-chic.com\/en\/product\/car-harness-cat-copia\/\",\"url\":\"https:\/\/chuchos-chic.com\/en\/product\/car-harness-cat-copia\/\",\"name\":\"Elephant toy with noise - Pets Grooming - Peluquer\u00eda Canina - Chuchos-Chic\",\"isPartOf\":{\"@id\":\"https:\/\/chuchos-chic.com\/en\/#website\"},\"primaryImageOfPage\":{\"@id\":\"https:\/\/chuchos-chic.com\/en\/product\/car-harness-cat-copia\/#primaryimage\"},\"image\":{\"@id\":\"https:\/\/chuchos-chic.com\/en\/product\/car-harness-cat-copia\/#primaryimage\"},\"thumbnailUrl\":\"https:\/\/chuchos-chic.com\/wp-content\/uploads\/2025\/03\/Set_de_Animales_de_peluche_Sonido_13_cm_con_Cuerda1.jpg\",\"datePublished\":\"2025-09-29T22:54:29+00:00\",\"description\":\"Elephant Squeaker Toy\",\"breadcrumb\":{\"@id\":\"https:\/\/chuchos-chic.com\/en\/product\/car-harness-cat-copia\/#breadcrumb\"},\"inLanguage\":\"en-US\",\"potentialAction\":[{\"@type\":\"ReadAction\",\"target\":[\"https:\/\/chuchos-chic.com\/en\/product\/car-harness-cat-copia\/\"]}]},{\"@type\":\"ImageObject\",\"inLanguage\":\"en-US\",\"@id\":\"https:\/\/chuchos-chic.com\/en\/product\/car-harness-cat-copia\/#primaryimage\",\"url\":\"https:\/\/chuchos-chic.com\/wp-content\/uploads\/2025\/03\/Set_de_Animales_de_peluche_Sonido_13_cm_con_Cuerda1.jpg\",\"contentUrl\":\"https:\/\/chuchos-chic.com\/wp-content\/uploads\/2025\/03\/Set_de_Animales_de_peluche_Sonido_13_cm_con_Cuerda1.jpg\",\"width\":1500,\"height\":1500,\"caption\":\"Elephant Squeaker Toy\"},{\"@type\":\"BreadcrumbList\",\"@id\":\"https:\/\/chuchos-chic.com\/en\/product\/car-harness-cat-copia\/#breadcrumb\",\"itemListElement\":[{\"@type\":\"ListItem\",\"position\":1,\"name\":\"Portada\",\"item\":\"https:\/\/chuchos-chic.com\/en\/\"},{\"@type\":\"ListItem\",\"position\":2,\"name\":\"Tienda\",\"item\":\"https:\/\/chuchos-chic.com\/en\/shop\/\"},{\"@type\":\"ListItem\",\"position\":3,\"name\":\"Elephant toy with noise\"}]},{\"@type\":\"WebSite\",\"@id\":\"https:\/\/chuchos-chic.com\/en\/#website\",\"url\":\"https:\/\/chuchos-chic.com\/en\/\",\"name\":\"Pets Grooming - Peluquer\u00eda Canina - Chuchos-Chic\",\"description\":\"Pets Grooming &amp; Shop - Peluquer\u00eda Canina - Moj\u00e1car Almeria\",\"publisher\":{\"@id\":\"https:\/\/chuchos-chic.com\/en\/#organization\"},\"alternateName\":\"Pets Grooming - Peluquer\u00eda Canina - Chuchos-Chic\",\"potentialAction\":[{\"@type\":\"SearchAction\",\"target\":{\"@type\":\"EntryPoint\",\"urlTemplate\":\"https:\/\/chuchos-chic.com\/en\/?s={search_term_string}\"},\"query-input\":{\"@type\":\"PropertyValueSpecification\",\"valueRequired\":true,\"valueName\":\"search_term_string\"}}],\"inLanguage\":\"en-US\"},{\"@type\":\"Organization\",\"@id\":\"https:\/\/chuchos-chic.com\/en\/#organization\",\"name\":\"Pets Grooming - Peluquer\u00eda Canina - Chuchos-Chic\",\"alternateName\":\"Pets Grooming - Peluquer\u00eda Canina - Chuchos-Chic\",\"url\":\"https:\/\/chuchos-chic.com\/en\/\",\"logo\":{\"@type\":\"ImageObject\",\"inLanguage\":\"en-US\",\"@id\":\"https:\/\/chuchos-chic.com\/en\/#\/schema\/logo\/image\/\",\"url\":\"https:\/\/chuchos-chic.com\/wp-content\/uploads\/2024\/03\/Tarjeta_ChuchosChic.png\",\"contentUrl\":\"https:\/\/chuchos-chic.com\/wp-content\/uploads\/2024\/03\/Tarjeta_ChuchosChic.png\",\"width\":725,\"height\":450,\"caption\":\"Pets Grooming - Peluquer\u00eda Canina - Chuchos-Chic\"},\"image\":{\"@id\":\"https:\/\/chuchos-chic.com\/en\/#\/schema\/logo\/image\/\"},\"sameAs\":[\"https:\/\/www.facebook.com\/ChuchosChic\"]}]}<\/script>\n<!-- \/ Yoast SEO plugin. -->","yoast_head_json":{"title":"Elephant toy with noise - Pets Grooming - Peluquer\u00eda Canina - Chuchos-Chic","description":"Elephant Squeaker Toy","robots":{"index":"index","follow":"follow","max-snippet":"max-snippet:-1","max-image-preview":"max-image-preview:large","max-video-preview":"max-video-preview:-1"},"canonical":"https:\/\/chuchos-chic.com\/en\/product\/car-harness-cat-copia\/","og_locale":"en_US","og_type":"article","og_title":"Elephant toy with noise - Pets Grooming - Peluquer\u00eda Canina - Chuchos-Chic","og_description":"Elephant Squeaker Toy","og_url":"https:\/\/chuchos-chic.com\/en\/product\/car-harness-cat-copia\/","og_site_name":"Pets Grooming - Peluquer\u00eda Canina - Chuchos-Chic","article_publisher":"https:\/\/www.facebook.com\/ChuchosChic","og_image":[{"width":1500,"height":1500,"url":"https:\/\/chuchos-chic.com\/wp-content\/uploads\/2025\/03\/Set_de_Animales_de_peluche_Sonido_13_cm_con_Cuerda1.jpg","type":"image\/jpeg"}],"twitter_card":"summary_large_image","twitter_misc":{"Est. reading time":"1 minute"},"schema":{"@context":"https:\/\/schema.org","@graph":[{"@type":"WebPage","@id":"https:\/\/chuchos-chic.com\/en\/product\/car-harness-cat-copia\/","url":"https:\/\/chuchos-chic.com\/en\/product\/car-harness-cat-copia\/","name":"Elephant toy with noise - Pets Grooming - Peluquer\u00eda Canina - Chuchos-Chic","isPartOf":{"@id":"https:\/\/chuchos-chic.com\/en\/#website"},"primaryImageOfPage":{"@id":"https:\/\/chuchos-chic.com\/en\/product\/car-harness-cat-copia\/#primaryimage"},"image":{"@id":"https:\/\/chuchos-chic.com\/en\/product\/car-harness-cat-copia\/#primaryimage"},"thumbnailUrl":"https:\/\/chuchos-chic.com\/wp-content\/uploads\/2025\/03\/Set_de_Animales_de_peluche_Sonido_13_cm_con_Cuerda1.jpg","datePublished":"2025-09-29T22:54:29+00:00","description":"Elephant Squeaker Toy","breadcrumb":{"@id":"https:\/\/chuchos-chic.com\/en\/product\/car-harness-cat-copia\/#breadcrumb"},"inLanguage":"en-US","potentialAction":[{"@type":"ReadAction","target":["https:\/\/chuchos-chic.com\/en\/product\/car-harness-cat-copia\/"]}]},{"@type":"ImageObject","inLanguage":"en-US","@id":"https:\/\/chuchos-chic.com\/en\/product\/car-harness-cat-copia\/#primaryimage","url":"https:\/\/chuchos-chic.com\/wp-content\/uploads\/2025\/03\/Set_de_Animales_de_peluche_Sonido_13_cm_con_Cuerda1.jpg","contentUrl":"https:\/\/chuchos-chic.com\/wp-content\/uploads\/2025\/03\/Set_de_Animales_de_peluche_Sonido_13_cm_con_Cuerda1.jpg","width":1500,"height":1500,"caption":"Elephant Squeaker Toy"},{"@type":"BreadcrumbList","@id":"https:\/\/chuchos-chic.com\/en\/product\/car-harness-cat-copia\/#breadcrumb","itemListElement":[{"@type":"ListItem","position":1,"name":"Portada","item":"https:\/\/chuchos-chic.com\/en\/"},{"@type":"ListItem","position":2,"name":"Tienda","item":"https:\/\/chuchos-chic.com\/en\/shop\/"},{"@type":"ListItem","position":3,"name":"Elephant toy with noise"}]},{"@type":"WebSite","@id":"https:\/\/chuchos-chic.com\/en\/#website","url":"https:\/\/chuchos-chic.com\/en\/","name":"Pets Grooming - Peluquer\u00eda Canina - Chuchos-Chic","description":"Pets Grooming &amp; Shop - Peluquer\u00eda Canina - Moj\u00e1car Almeria","publisher":{"@id":"https:\/\/chuchos-chic.com\/en\/#organization"},"alternateName":"Pets Grooming - Peluquer\u00eda Canina - Chuchos-Chic","potentialAction":[{"@type":"SearchAction","target":{"@type":"EntryPoint","urlTemplate":"https:\/\/chuchos-chic.com\/en\/?s={search_term_string}"},"query-input":{"@type":"PropertyValueSpecification","valueRequired":true,"valueName":"search_term_string"}}],"inLanguage":"en-US"},{"@type":"Organization","@id":"https:\/\/chuchos-chic.com\/en\/#organization","name":"Pets Grooming - Peluquer\u00eda Canina - Chuchos-Chic","alternateName":"Pets Grooming - Peluquer\u00eda Canina - Chuchos-Chic","url":"https:\/\/chuchos-chic.com\/en\/","logo":{"@type":"ImageObject","inLanguage":"en-US","@id":"https:\/\/chuchos-chic.com\/en\/#\/schema\/logo\/image\/","url":"https:\/\/chuchos-chic.com\/wp-content\/uploads\/2024\/03\/Tarjeta_ChuchosChic.png","contentUrl":"https:\/\/chuchos-chic.com\/wp-content\/uploads\/2024\/03\/Tarjeta_ChuchosChic.png","width":725,"height":450,"caption":"Pets Grooming - Peluquer\u00eda Canina - Chuchos-Chic"},"image":{"@id":"https:\/\/chuchos-chic.com\/en\/#\/schema\/logo\/image\/"},"sameAs":["https:\/\/www.facebook.com\/ChuchosChic"]}]}},"_links":{"self":[{"href":"https:\/\/chuchos-chic.com\/en\/wp-json\/wp\/v2\/product\/1480","targetHints":{"allow":["GET"]}}],"collection":[{"href":"https:\/\/chuchos-chic.com\/en\/wp-json\/wp\/v2\/product"}],"about":[{"href":"https:\/\/chuchos-chic.com\/en\/wp-json\/wp\/v2\/types\/product"}],"replies":[{"embeddable":true,"href":"https:\/\/chuchos-chic.com\/en\/wp-json\/wp\/v2\/comments?post=1480"}],"wp:featuredmedia":[{"embeddable":true,"href":"https:\/\/chuchos-chic.com\/en\/wp-json\/wp\/v2\/media\/1483"}],"wp:attachment":[{"href":"https:\/\/chuchos-chic.com\/en\/wp-json\/wp\/v2\/media?parent=1480"}],"wp:term":[{"taxonomy":"product_brand","embeddable":true,"href":"https:\/\/chuchos-chic.com\/en\/wp-json\/wp\/v2\/product_brand?post=1480"},{"taxonomy":"product_cat","embeddable":true,"href":"https:\/\/chuchos-chic.com\/en\/wp-json\/wp\/v2\/product_cat?post=1480"},{"taxonomy":"product_tag","embeddable":true,"href":"https:\/\/chuchos-chic.com\/en\/wp-json\/wp\/v2\/product_tag?post=1480"}],"curies":[{"name":"wp","href":"https:\/\/api.w.org\/{rel}","templated":true}]}}